{"id":7142,"date":"2021-10-07T21:34:17","date_gmt":"2021-10-07T21:34:17","guid":{"rendered":"https:\/\/teva3d.com\/product\/cabinet-vision-annotations-for-teva\/"},"modified":"2026-01-22T04:58:24","modified_gmt":"2026-01-22T09:58:24","slug":"cabinet-vision-annotations-for-teva","status":"publish","type":"product","link":"https:\/\/teva3d.com\/fr\/produit\/cabinet-vision-annotations\/","title":{"rendered":"CABINET VISION &#8211; Annotations pour TEVA"},"content":{"rendered":"","protected":false},"excerpt":{"rendered":"<p>Ce paquet d&#8217;installation va cr\u00e9er les annotations dans Cabinet Vision afin de g\u00e9n\u00e9rer l&#8217;arborescence simplifi\u00e9e dans TEVA3D<\/p>\n<ul>\n<li>Fourni l&#8217;information pou g\u00e9n\u00e9rer l&#8217;arborescence pour TEVA3D<\/li>\n<li>Fourni les dimensions de pi\u00e8ces et ensembles pour TEVA3D<\/li>\n<\/ul>\n<h3><strong>Compatibilit\u00e9 avec Cabinet Vision<\/strong><\/h3>\n<ul>\n<li>Minimum requis est l&#8217;export en format VOK\n<ul>\n<li>Fonctionne avec CV2021\/CV2022\/CV2023\/CV2024\/CV2025 Core *Cabinets xRendering<\/li>\n<li>Fonctionne avec CV2021\/CV2022\/CV2023\/CV2024\/CV2025 Core *Closets xRendering<\/li>\n<li>Fonctionne avec CV11 and CV12<\/li>\n<\/ul>\n<\/li>\n<li>Installation monoposte et\/ou r\u00e9seau<\/li>\n<\/ul>\n","protected":false},"featured_media":6604,"template":"","meta":[],"product_cat":[72],"product_tag":[],"acf":[],"yoast_head":"<!-- This site is optimized with the Yoast SEO plugin v20.4 - https:\/\/yoast.com\/wordpress\/plugins\/seo\/ -->\n<title>CABINET VISION - Annotations pour TEVA - TEVA 3D<\/title>\n<meta name=\"description\" content=\"Ce paquet d\u2019installation va cr\u00e9er les annotations dans Cabinet Vision afin de g\u00e9n\u00e9rer l\u2019arborescence simplifi\u00e9e dans TEVA3D\" \/>\n<meta name=\"robots\" content=\"index, follow, max-snippet:-1, max-image-preview:large, max-video-preview:-1\" \/>\n<link rel=\"canonical\" href=\"https:\/\/teva3d.com\/fr\/produit\/cabinet-vision-annotations\/\" \/>\n<meta property=\"og:locale\" content=\"fr_FR\" \/>\n<meta property=\"og:type\" content=\"article\" \/>\n<meta property=\"og:title\" content=\"CABINET VISION - Annotations pour TEVA - TEVA 3D\" \/>\n<meta property=\"og:description\" content=\"Ce paquet d\u2019installation va cr\u00e9er les annotations dans Cabinet Vision afin de g\u00e9n\u00e9rer l\u2019arborescence simplifi\u00e9e dans TEVA3D\" \/>\n<meta property=\"og:url\" content=\"https:\/\/teva3d.com\/fr\/produit\/cabinet-vision-annotations\/\" \/>\n<meta property=\"og:site_name\" content=\"TEVA 3D\" \/>\n<meta property=\"article:publisher\" content=\"https:\/\/www.facebook.com\/teva3d\" \/>\n<meta property=\"article:modified_time\" content=\"2026-01-22T09:58:24+00:00\" \/>\n<meta property=\"og:image\" content=\"https:\/\/teva3d.com\/wp-content\/uploads\/2021\/10\/TEVA.png\" \/>\n\t<meta property=\"og:image:width\" content=\"1493\" \/>\n\t<meta property=\"og:image:height\" content=\"1271\" \/>\n\t<meta property=\"og:image:type\" content=\"image\/png\" \/>\n<meta name=\"twitter:card\" content=\"summary_large_image\" \/>\n<script type=\"application\/ld+json\" class=\"yoast-schema-graph\">{\"@context\":\"https:\/\/schema.org\",\"@graph\":[{\"@type\":\"WebPage\",\"@id\":\"https:\/\/teva3d.com\/fr\/produit\/cabinet-vision-annotations\/\",\"url\":\"https:\/\/teva3d.com\/fr\/produit\/cabinet-vision-annotations\/\",\"name\":\"CABINET VISION - Annotations pour TEVA - TEVA 3D\",\"isPartOf\":{\"@id\":\"https:\/\/teva3d.com\/#website\"},\"datePublished\":\"2021-10-07T21:34:17+00:00\",\"dateModified\":\"2026-01-22T09:58:24+00:00\",\"description\":\"Ce paquet d\u2019installation va cr\u00e9er les annotations dans Cabinet Vision afin de g\u00e9n\u00e9rer l\u2019arborescence simplifi\u00e9e dans TEVA3D\",\"breadcrumb\":{\"@id\":\"https:\/\/teva3d.com\/fr\/produit\/cabinet-vision-annotations\/#breadcrumb\"},\"inLanguage\":\"fr-FR\",\"potentialAction\":[{\"@type\":\"ReadAction\",\"target\":[\"https:\/\/teva3d.com\/fr\/produit\/cabinet-vision-annotations\/\"]}]},{\"@type\":\"BreadcrumbList\",\"@id\":\"https:\/\/teva3d.com\/fr\/produit\/cabinet-vision-annotations\/#breadcrumb\",\"itemListElement\":[{\"@type\":\"ListItem\",\"position\":1,\"name\":\"Home\",\"item\":\"https:\/\/teva3d.com\/fr\/\"},{\"@type\":\"ListItem\",\"position\":2,\"name\":\"CABINET VISION &#8211; Annotations pour TEVA\"}]},{\"@type\":\"WebSite\",\"@id\":\"https:\/\/teva3d.com\/#website\",\"url\":\"https:\/\/teva3d.com\/\",\"name\":\"TEVA\",\"description\":\"Validation technique 3D pour agenceurs, cuisinistes et menuisiers\",\"publisher\":{\"@id\":\"https:\/\/teva3d.com\/#organization\"},\"potentialAction\":[{\"@type\":\"SearchAction\",\"target\":{\"@type\":\"EntryPoint\",\"urlTemplate\":\"https:\/\/teva3d.com\/?s={search_term_string}\"},\"query-input\":\"required name=search_term_string\"}],\"inLanguage\":\"fr-FR\"},{\"@type\":\"Organization\",\"@id\":\"https:\/\/teva3d.com\/#organization\",\"name\":\"TEVA 3D\",\"url\":\"https:\/\/teva3d.com\/\",\"logo\":{\"@type\":\"ImageObject\",\"inLanguage\":\"fr-FR\",\"@id\":\"https:\/\/teva3d.com\/#\/schema\/logo\/image\/\",\"url\":\"https:\/\/teva3d.com\/wp-content\/uploads\/2021\/07\/cropped-logoTevaFavIcon.png\",\"contentUrl\":\"https:\/\/teva3d.com\/wp-content\/uploads\/2021\/07\/cropped-logoTevaFavIcon.png\",\"width\":512,\"height\":512,\"caption\":\"TEVA 3D\"},\"image\":{\"@id\":\"https:\/\/teva3d.com\/#\/schema\/logo\/image\/\"},\"sameAs\":[\"https:\/\/www.facebook.com\/teva3d\",\"https:\/\/www.instagram.com\/teva3d\/\",\"https:\/\/www.linkedin.com\/company\/teva-3d\/\",\"https:\/\/www.youtube.com\/channel\/UCf6F4rs57AHvXarqzcAqHxg\"]}]}<\/script>\n<!-- \/ Yoast SEO plugin. -->","yoast_head_json":{"title":"CABINET VISION - Annotations pour TEVA - TEVA 3D","description":"Ce paquet d\u2019installation va cr\u00e9er les annotations dans Cabinet Vision afin de g\u00e9n\u00e9rer l\u2019arborescence simplifi\u00e9e dans TEVA3D","robots":{"index":"index","follow":"follow","max-snippet":"max-snippet:-1","max-image-preview":"max-image-preview:large","max-video-preview":"max-video-preview:-1"},"canonical":"https:\/\/teva3d.com\/fr\/produit\/cabinet-vision-annotations\/","og_locale":"fr_FR","og_type":"article","og_title":"CABINET VISION - Annotations pour TEVA - TEVA 3D","og_description":"Ce paquet d\u2019installation va cr\u00e9er les annotations dans Cabinet Vision afin de g\u00e9n\u00e9rer l\u2019arborescence simplifi\u00e9e dans TEVA3D","og_url":"https:\/\/teva3d.com\/fr\/produit\/cabinet-vision-annotations\/","og_site_name":"TEVA 3D","article_publisher":"https:\/\/www.facebook.com\/teva3d","article_modified_time":"2026-01-22T09:58:24+00:00","og_image":[{"width":1493,"height":1271,"url":"https:\/\/teva3d.com\/wp-content\/uploads\/2021\/10\/TEVA.png","type":"image\/png"}],"twitter_card":"summary_large_image","schema":{"@context":"https:\/\/schema.org","@graph":[{"@type":"WebPage","@id":"https:\/\/teva3d.com\/fr\/produit\/cabinet-vision-annotations\/","url":"https:\/\/teva3d.com\/fr\/produit\/cabinet-vision-annotations\/","name":"CABINET VISION - Annotations pour TEVA - TEVA 3D","isPartOf":{"@id":"https:\/\/teva3d.com\/#website"},"datePublished":"2021-10-07T21:34:17+00:00","dateModified":"2026-01-22T09:58:24+00:00","description":"Ce paquet d\u2019installation va cr\u00e9er les annotations dans Cabinet Vision afin de g\u00e9n\u00e9rer l\u2019arborescence simplifi\u00e9e dans TEVA3D","breadcrumb":{"@id":"https:\/\/teva3d.com\/fr\/produit\/cabinet-vision-annotations\/#breadcrumb"},"inLanguage":"fr-FR","potentialAction":[{"@type":"ReadAction","target":["https:\/\/teva3d.com\/fr\/produit\/cabinet-vision-annotations\/"]}]},{"@type":"BreadcrumbList","@id":"https:\/\/teva3d.com\/fr\/produit\/cabinet-vision-annotations\/#breadcrumb","itemListElement":[{"@type":"ListItem","position":1,"name":"Home","item":"https:\/\/teva3d.com\/fr\/"},{"@type":"ListItem","position":2,"name":"CABINET VISION &#8211; Annotations pour TEVA"}]},{"@type":"WebSite","@id":"https:\/\/teva3d.com\/#website","url":"https:\/\/teva3d.com\/","name":"TEVA","description":"Validation technique 3D pour agenceurs, cuisinistes et menuisiers","publisher":{"@id":"https:\/\/teva3d.com\/#organization"},"potentialAction":[{"@type":"SearchAction","target":{"@type":"EntryPoint","urlTemplate":"https:\/\/teva3d.com\/?s={search_term_string}"},"query-input":"required name=search_term_string"}],"inLanguage":"fr-FR"},{"@type":"Organization","@id":"https:\/\/teva3d.com\/#organization","name":"TEVA 3D","url":"https:\/\/teva3d.com\/","logo":{"@type":"ImageObject","inLanguage":"fr-FR","@id":"https:\/\/teva3d.com\/#\/schema\/logo\/image\/","url":"https:\/\/teva3d.com\/wp-content\/uploads\/2021\/07\/cropped-logoTevaFavIcon.png","contentUrl":"https:\/\/teva3d.com\/wp-content\/uploads\/2021\/07\/cropped-logoTevaFavIcon.png","width":512,"height":512,"caption":"TEVA 3D"},"image":{"@id":"https:\/\/teva3d.com\/#\/schema\/logo\/image\/"},"sameAs":["https:\/\/www.facebook.com\/teva3d","https:\/\/www.instagram.com\/teva3d\/","https:\/\/www.linkedin.com\/company\/teva-3d\/","https:\/\/www.youtube.com\/channel\/UCf6F4rs57AHvXarqzcAqHxg"]}]}},"_links":{"self":[{"href":"https:\/\/teva3d.com\/fr\/wp-json\/wp\/v2\/product\/7142"}],"collection":[{"href":"https:\/\/teva3d.com\/fr\/wp-json\/wp\/v2\/product"}],"about":[{"href":"https:\/\/teva3d.com\/fr\/wp-json\/wp\/v2\/types\/product"}],"wp:featuredmedia":[{"embeddable":true,"href":"https:\/\/teva3d.com\/fr\/wp-json\/wp\/v2\/media\/6604"}],"wp:attachment":[{"href":"https:\/\/teva3d.com\/fr\/wp-json\/wp\/v2\/media?parent=7142"}],"wp:term":[{"taxonomy":"product_cat","embeddable":true,"href":"https:\/\/teva3d.com\/fr\/wp-json\/wp\/v2\/product_cat?post=7142"},{"taxonomy":"product_tag","embeddable":true,"href":"https:\/\/teva3d.com\/fr\/wp-json\/wp\/v2\/product_tag?post=7142"}],"curies":[{"name":"wp","href":"https:\/\/api.w.org\/{rel}","templated":true}]}}