{"id":6484,"date":"2021-10-07T17:17:57","date_gmt":"2021-10-07T17:17:58","guid":{"rendered":"https:\/\/teva3d.com\/?post_type=product&#038;p=6484"},"modified":"2021-11-02T11:57:01","modified_gmt":"2021-11-02T15:57:01","slug":"projet-gratuit","status":"publish","type":"product","link":"https:\/\/teva3d.com\/fr\/produit\/projetgratuit\/","title":{"rendered":"Projet gratuit"},"content":{"rendered":"","protected":false},"excerpt":{"rendered":"<ul class=\"elementor-icon-list-items\">\n<li class=\"elementor-icon-list-item\"><i class=\"fas fa-check-circle\"><\/i><span class=\"elementor-icon-list-text\">1 projet GRATUIT pour en faire l\u2019essai<\/span><\/li>\n<li class=\"elementor-icon-list-item\"><i class=\"fas fa-check-circle\"><\/i><span class=\"elementor-icon-list-text\">5 mises \u00e0 jour par projet<\/span><\/li>\n<li class=\"elementor-icon-list-item\"><i class=\"fas fa-check-circle\"><\/i><span class=\"elementor-icon-list-text\">Consultations illimit\u00e9es<\/span><\/li>\n<li class=\"elementor-icon-list-item\"><i class=\"fas fa-check-circle\"><\/i><span class=\"elementor-icon-list-text\">Actif pour 30 jours<\/span><\/li>\n<\/ul>\n<p>\u00c0 la fin de la p\u00e9riode d&#8217;essai vous pourrez choisir le forfait mensuel ou \u00e0 la demande qui vous convient le mieux.<\/p>\n","protected":false},"featured_media":7033,"template":"","meta":[],"product_cat":[67],"product_tag":[],"acf":[],"yoast_head":"<!-- This site is optimized with the Yoast SEO plugin v20.4 - https:\/\/yoast.com\/wordpress\/plugins\/seo\/ -->\n<title>Projet gratuit - TEVA 3D<\/title>\n<meta name=\"description\" content=\"Projet gratuit pour faire l&#039;essai de TEVA 3D. D\u00e9marrez votre essai gratuit et essayez toutes les fonctionnalit\u00e9s avec votre propre projet.\" \/>\n<meta name=\"robots\" content=\"index, follow, max-snippet:-1, max-image-preview:large, max-video-preview:-1\" \/>\n<link rel=\"canonical\" href=\"https:\/\/teva3d.com\/fr\/produit\/projetgratuit\/\" \/>\n<meta property=\"og:locale\" content=\"fr_FR\" \/>\n<meta property=\"og:type\" content=\"article\" \/>\n<meta property=\"og:title\" content=\"Projet gratuit - TEVA 3D\" \/>\n<meta property=\"og:description\" content=\"Projet gratuit pour faire l&#039;essai de TEVA 3D. D\u00e9marrez votre essai gratuit et essayez toutes les fonctionnalit\u00e9s avec votre propre projet.\" \/>\n<meta property=\"og:url\" content=\"https:\/\/teva3d.com\/fr\/produit\/projetgratuit\/\" \/>\n<meta property=\"og:site_name\" content=\"TEVA 3D\" \/>\n<meta property=\"article:publisher\" content=\"https:\/\/www.facebook.com\/teva3d\" \/>\n<meta property=\"article:modified_time\" content=\"2021-11-02T15:57:01+00:00\" \/>\n<meta property=\"og:image\" content=\"https:\/\/teva3d.com\/wp-content\/uploads\/2021\/10\/gra.jpg\" \/>\n\t<meta property=\"og:image:width\" content=\"873\" \/>\n\t<meta property=\"og:image:height\" content=\"814\" \/>\n\t<meta property=\"og:image:type\" content=\"image\/jpeg\" \/>\n<meta name=\"twitter:card\" content=\"summary_large_image\" \/>\n<script type=\"application\/ld+json\" class=\"yoast-schema-graph\">{\"@context\":\"https:\/\/schema.org\",\"@graph\":[{\"@type\":\"WebPage\",\"@id\":\"https:\/\/teva3d.com\/fr\/produit\/projetgratuit\/\",\"url\":\"https:\/\/teva3d.com\/fr\/produit\/projetgratuit\/\",\"name\":\"Projet gratuit - TEVA 3D\",\"isPartOf\":{\"@id\":\"https:\/\/teva3d.com\/#website\"},\"datePublished\":\"2021-10-07T17:17:58+00:00\",\"dateModified\":\"2021-11-02T15:57:01+00:00\",\"description\":\"Projet gratuit pour faire l'essai de TEVA 3D. D\u00e9marrez votre essai gratuit et essayez toutes les fonctionnalit\u00e9s avec votre propre projet.\",\"breadcrumb\":{\"@id\":\"https:\/\/teva3d.com\/fr\/produit\/projetgratuit\/#breadcrumb\"},\"inLanguage\":\"fr-FR\",\"potentialAction\":[{\"@type\":\"ReadAction\",\"target\":[\"https:\/\/teva3d.com\/fr\/produit\/projetgratuit\/\"]}]},{\"@type\":\"BreadcrumbList\",\"@id\":\"https:\/\/teva3d.com\/fr\/produit\/projetgratuit\/#breadcrumb\",\"itemListElement\":[{\"@type\":\"ListItem\",\"position\":1,\"name\":\"Home\",\"item\":\"https:\/\/teva3d.com\/fr\/\"},{\"@type\":\"ListItem\",\"position\":2,\"name\":\"Projet gratuit\"}]},{\"@type\":\"WebSite\",\"@id\":\"https:\/\/teva3d.com\/#website\",\"url\":\"https:\/\/teva3d.com\/\",\"name\":\"TEVA\",\"description\":\"Validation technique 3D pour agenceurs, cuisinistes et menuisiers\",\"publisher\":{\"@id\":\"https:\/\/teva3d.com\/#organization\"},\"potentialAction\":[{\"@type\":\"SearchAction\",\"target\":{\"@type\":\"EntryPoint\",\"urlTemplate\":\"https:\/\/teva3d.com\/?s={search_term_string}\"},\"query-input\":\"required name=search_term_string\"}],\"inLanguage\":\"fr-FR\"},{\"@type\":\"Organization\",\"@id\":\"https:\/\/teva3d.com\/#organization\",\"name\":\"TEVA 3D\",\"url\":\"https:\/\/teva3d.com\/\",\"logo\":{\"@type\":\"ImageObject\",\"inLanguage\":\"fr-FR\",\"@id\":\"https:\/\/teva3d.com\/#\/schema\/logo\/image\/\",\"url\":\"https:\/\/teva3d.com\/wp-content\/uploads\/2021\/07\/cropped-logoTevaFavIcon.png\",\"contentUrl\":\"https:\/\/teva3d.com\/wp-content\/uploads\/2021\/07\/cropped-logoTevaFavIcon.png\",\"width\":512,\"height\":512,\"caption\":\"TEVA 3D\"},\"image\":{\"@id\":\"https:\/\/teva3d.com\/#\/schema\/logo\/image\/\"},\"sameAs\":[\"https:\/\/www.facebook.com\/teva3d\",\"https:\/\/www.instagram.com\/teva3d\/\",\"https:\/\/www.linkedin.com\/company\/teva-3d\/\",\"https:\/\/www.youtube.com\/channel\/UCf6F4rs57AHvXarqzcAqHxg\"]}]}<\/script>\n<!-- \/ Yoast SEO plugin. -->","yoast_head_json":{"title":"Projet gratuit - TEVA 3D","description":"Projet gratuit pour faire l'essai de TEVA 3D. D\u00e9marrez votre essai gratuit et essayez toutes les fonctionnalit\u00e9s avec votre propre projet.","robots":{"index":"index","follow":"follow","max-snippet":"max-snippet:-1","max-image-preview":"max-image-preview:large","max-video-preview":"max-video-preview:-1"},"canonical":"https:\/\/teva3d.com\/fr\/produit\/projetgratuit\/","og_locale":"fr_FR","og_type":"article","og_title":"Projet gratuit - TEVA 3D","og_description":"Projet gratuit pour faire l'essai de TEVA 3D. D\u00e9marrez votre essai gratuit et essayez toutes les fonctionnalit\u00e9s avec votre propre projet.","og_url":"https:\/\/teva3d.com\/fr\/produit\/projetgratuit\/","og_site_name":"TEVA 3D","article_publisher":"https:\/\/www.facebook.com\/teva3d","article_modified_time":"2021-11-02T15:57:01+00:00","og_image":[{"width":873,"height":814,"url":"https:\/\/teva3d.com\/wp-content\/uploads\/2021\/10\/gra.jpg","type":"image\/jpeg"}],"twitter_card":"summary_large_image","schema":{"@context":"https:\/\/schema.org","@graph":[{"@type":"WebPage","@id":"https:\/\/teva3d.com\/fr\/produit\/projetgratuit\/","url":"https:\/\/teva3d.com\/fr\/produit\/projetgratuit\/","name":"Projet gratuit - TEVA 3D","isPartOf":{"@id":"https:\/\/teva3d.com\/#website"},"datePublished":"2021-10-07T17:17:58+00:00","dateModified":"2021-11-02T15:57:01+00:00","description":"Projet gratuit pour faire l'essai de TEVA 3D. D\u00e9marrez votre essai gratuit et essayez toutes les fonctionnalit\u00e9s avec votre propre projet.","breadcrumb":{"@id":"https:\/\/teva3d.com\/fr\/produit\/projetgratuit\/#breadcrumb"},"inLanguage":"fr-FR","potentialAction":[{"@type":"ReadAction","target":["https:\/\/teva3d.com\/fr\/produit\/projetgratuit\/"]}]},{"@type":"BreadcrumbList","@id":"https:\/\/teva3d.com\/fr\/produit\/projetgratuit\/#breadcrumb","itemListElement":[{"@type":"ListItem","position":1,"name":"Home","item":"https:\/\/teva3d.com\/fr\/"},{"@type":"ListItem","position":2,"name":"Projet gratuit"}]},{"@type":"WebSite","@id":"https:\/\/teva3d.com\/#website","url":"https:\/\/teva3d.com\/","name":"TEVA","description":"Validation technique 3D pour agenceurs, cuisinistes et menuisiers","publisher":{"@id":"https:\/\/teva3d.com\/#organization"},"potentialAction":[{"@type":"SearchAction","target":{"@type":"EntryPoint","urlTemplate":"https:\/\/teva3d.com\/?s={search_term_string}"},"query-input":"required name=search_term_string"}],"inLanguage":"fr-FR"},{"@type":"Organization","@id":"https:\/\/teva3d.com\/#organization","name":"TEVA 3D","url":"https:\/\/teva3d.com\/","logo":{"@type":"ImageObject","inLanguage":"fr-FR","@id":"https:\/\/teva3d.com\/#\/schema\/logo\/image\/","url":"https:\/\/teva3d.com\/wp-content\/uploads\/2021\/07\/cropped-logoTevaFavIcon.png","contentUrl":"https:\/\/teva3d.com\/wp-content\/uploads\/2021\/07\/cropped-logoTevaFavIcon.png","width":512,"height":512,"caption":"TEVA 3D"},"image":{"@id":"https:\/\/teva3d.com\/#\/schema\/logo\/image\/"},"sameAs":["https:\/\/www.facebook.com\/teva3d","https:\/\/www.instagram.com\/teva3d\/","https:\/\/www.linkedin.com\/company\/teva-3d\/","https:\/\/www.youtube.com\/channel\/UCf6F4rs57AHvXarqzcAqHxg"]}]}},"_links":{"self":[{"href":"https:\/\/teva3d.com\/fr\/wp-json\/wp\/v2\/product\/6484"}],"collection":[{"href":"https:\/\/teva3d.com\/fr\/wp-json\/wp\/v2\/product"}],"about":[{"href":"https:\/\/teva3d.com\/fr\/wp-json\/wp\/v2\/types\/product"}],"wp:featuredmedia":[{"embeddable":true,"href":"https:\/\/teva3d.com\/fr\/wp-json\/wp\/v2\/media\/7033"}],"wp:attachment":[{"href":"https:\/\/teva3d.com\/fr\/wp-json\/wp\/v2\/media?parent=6484"}],"wp:term":[{"taxonomy":"product_cat","embeddable":true,"href":"https:\/\/teva3d.com\/fr\/wp-json\/wp\/v2\/product_cat?post=6484"},{"taxonomy":"product_tag","embeddable":true,"href":"https:\/\/teva3d.com\/fr\/wp-json\/wp\/v2\/product_tag?post=6484"}],"curies":[{"name":"wp","href":"https:\/\/api.w.org\/{rel}","templated":true}]}}