{"id":1952,"date":"2021-06-17T15:26:16","date_gmt":"2021-07-26T14:19:26","guid":{"rendered":"https:\/\/teva3d.com\/produit\/standard\/"},"modified":"2025-01-20T09:14:49","modified_gmt":"2025-01-20T14:14:49","slug":"abonnement-standard","status":"publish","type":"product","link":"https:\/\/teva3d.com\/fr\/produit\/standard\/","title":{"rendered":"Standard"},"content":{"rendered":"","protected":false},"excerpt":{"rendered":"<ul class=\"elementor-icon-list-items\">\n<li class=\"elementor-icon-list-item\"><i class=\"fas fa-check-circle\"><\/i><span class=\"elementor-icon-list-text\">30 nouveaux projets par mois<\/span><\/li>\n<li class=\"elementor-icon-list-item\"><i class=\"fas fa-check-circle\"><\/i><span class=\"elementor-icon-list-text\">Surclassement possible en tout temps<\/span><\/li>\n<li class=\"elementor-icon-list-item\"><i class=\"fas fa-check-circle\"><\/i><span class=\"elementor-icon-list-text\">3 mises \u00e0 jour par projet<\/span><\/li>\n<li class=\"elementor-icon-list-item\"><i class=\"fas fa-check-circle\"><\/i><span class=\"elementor-icon-list-text\">Consultations illimit\u00e9es<\/span><\/li>\n<\/ul>\n<p>Cet abonnement est parfait pour les entreprises qui ont besoin de cr\u00e9er des projets de mani\u00e8re r\u00e9guli\u00e8re. Avec la possibilit\u00e9 de cr\u00e9er jusqu&#8217;\u00e0 30 nouveaux projets chaque mois et la possibilit\u00e9 de surclasser l&#8217;abonnement \u00e0 tout moment, les entreprises ont la flexibilit\u00e9 n\u00e9cessaire pour r\u00e9pondre \u00e0 leurs besoins en constante \u00e9volution. Chaque projet peut b\u00e9n\u00e9ficier de 5 mises \u00e0 jour. En somme, cet abonnement est id\u00e9al pour les entreprises cherchant une solution flexible pour leurs projets.<\/p>\n","protected":false},"featured_media":7027,"template":"","meta":[],"product_cat":[67],"product_tag":[],"acf":[],"yoast_head":"<!-- This site is optimized with the Yoast SEO plugin v20.4 - https:\/\/yoast.com\/wordpress\/plugins\/seo\/ -->\n<title>Abonnement Standard - TEVA 3D<\/title>\n<meta name=\"description\" content=\"Abonnement id\u00e9al pour la plupart des entreprises. Le forfait peut \u00eatre surclass\u00e9 en tout temps, les projets vus sans limite.\" \/>\n<meta name=\"robots\" content=\"index, follow, max-snippet:-1, max-image-preview:large, max-video-preview:-1\" \/>\n<link rel=\"canonical\" href=\"https:\/\/teva3d.com\/fr\/produit\/standard\/\" \/>\n<meta property=\"og:locale\" content=\"fr_FR\" \/>\n<meta property=\"og:type\" content=\"article\" \/>\n<meta property=\"og:title\" content=\"Abonnement Standard - TEVA 3D\" \/>\n<meta property=\"og:description\" content=\"Abonnement id\u00e9al pour la plupart des entreprises. Le forfait peut \u00eatre surclass\u00e9 en tout temps, les projets vus sans limite.\" \/>\n<meta property=\"og:url\" content=\"https:\/\/teva3d.com\/fr\/produit\/standard\/\" \/>\n<meta property=\"og:site_name\" content=\"TEVA 3D\" \/>\n<meta property=\"article:publisher\" content=\"https:\/\/www.facebook.com\/teva3d\" \/>\n<meta property=\"article:modified_time\" content=\"2025-01-20T14:14:49+00:00\" \/>\n<meta name=\"twitter:card\" content=\"summary_large_image\" \/>\n<script type=\"application\/ld+json\" class=\"yoast-schema-graph\">{\"@context\":\"https:\/\/schema.org\",\"@graph\":[{\"@type\":\"WebPage\",\"@id\":\"https:\/\/teva3d.com\/fr\/produit\/standard\/\",\"url\":\"https:\/\/teva3d.com\/fr\/produit\/standard\/\",\"name\":\"Abonnement Standard - TEVA 3D\",\"isPartOf\":{\"@id\":\"https:\/\/teva3d.com\/#website\"},\"datePublished\":\"2021-07-26T14:19:26+00:00\",\"dateModified\":\"2025-01-20T14:14:49+00:00\",\"description\":\"Abonnement id\u00e9al pour la plupart des entreprises. Le forfait peut \u00eatre surclass\u00e9 en tout temps, les projets vus sans limite.\",\"breadcrumb\":{\"@id\":\"https:\/\/teva3d.com\/fr\/produit\/standard\/#breadcrumb\"},\"inLanguage\":\"fr-FR\",\"potentialAction\":[{\"@type\":\"ReadAction\",\"target\":[\"https:\/\/teva3d.com\/fr\/produit\/standard\/\"]}]},{\"@type\":\"BreadcrumbList\",\"@id\":\"https:\/\/teva3d.com\/fr\/produit\/standard\/#breadcrumb\",\"itemListElement\":[{\"@type\":\"ListItem\",\"position\":1,\"name\":\"Home\",\"item\":\"https:\/\/teva3d.com\/fr\/\"},{\"@type\":\"ListItem\",\"position\":2,\"name\":\"Standard\"}]},{\"@type\":\"WebSite\",\"@id\":\"https:\/\/teva3d.com\/#website\",\"url\":\"https:\/\/teva3d.com\/\",\"name\":\"TEVA\",\"description\":\"Validation technique 3D pour agenceurs, cuisinistes et menuisiers\",\"publisher\":{\"@id\":\"https:\/\/teva3d.com\/#organization\"},\"potentialAction\":[{\"@type\":\"SearchAction\",\"target\":{\"@type\":\"EntryPoint\",\"urlTemplate\":\"https:\/\/teva3d.com\/?s={search_term_string}\"},\"query-input\":\"required name=search_term_string\"}],\"inLanguage\":\"fr-FR\"},{\"@type\":\"Organization\",\"@id\":\"https:\/\/teva3d.com\/#organization\",\"name\":\"TEVA 3D\",\"url\":\"https:\/\/teva3d.com\/\",\"logo\":{\"@type\":\"ImageObject\",\"inLanguage\":\"fr-FR\",\"@id\":\"https:\/\/teva3d.com\/#\/schema\/logo\/image\/\",\"url\":\"https:\/\/teva3d.com\/wp-content\/uploads\/2021\/07\/cropped-logoTevaFavIcon.png\",\"contentUrl\":\"https:\/\/teva3d.com\/wp-content\/uploads\/2021\/07\/cropped-logoTevaFavIcon.png\",\"width\":512,\"height\":512,\"caption\":\"TEVA 3D\"},\"image\":{\"@id\":\"https:\/\/teva3d.com\/#\/schema\/logo\/image\/\"},\"sameAs\":[\"https:\/\/www.facebook.com\/teva3d\",\"https:\/\/www.instagram.com\/teva3d\/\",\"https:\/\/www.linkedin.com\/company\/teva-3d\/\",\"https:\/\/www.youtube.com\/channel\/UCf6F4rs57AHvXarqzcAqHxg\"]}]}<\/script>\n<!-- \/ Yoast SEO plugin. -->","yoast_head_json":{"title":"Abonnement Standard - TEVA 3D","description":"Abonnement id\u00e9al pour la plupart des entreprises. Le forfait peut \u00eatre surclass\u00e9 en tout temps, les projets vus sans limite.","robots":{"index":"index","follow":"follow","max-snippet":"max-snippet:-1","max-image-preview":"max-image-preview:large","max-video-preview":"max-video-preview:-1"},"canonical":"https:\/\/teva3d.com\/fr\/produit\/standard\/","og_locale":"fr_FR","og_type":"article","og_title":"Abonnement Standard - TEVA 3D","og_description":"Abonnement id\u00e9al pour la plupart des entreprises. Le forfait peut \u00eatre surclass\u00e9 en tout temps, les projets vus sans limite.","og_url":"https:\/\/teva3d.com\/fr\/produit\/standard\/","og_site_name":"TEVA 3D","article_publisher":"https:\/\/www.facebook.com\/teva3d","article_modified_time":"2025-01-20T14:14:49+00:00","twitter_card":"summary_large_image","schema":{"@context":"https:\/\/schema.org","@graph":[{"@type":"WebPage","@id":"https:\/\/teva3d.com\/fr\/produit\/standard\/","url":"https:\/\/teva3d.com\/fr\/produit\/standard\/","name":"Abonnement Standard - TEVA 3D","isPartOf":{"@id":"https:\/\/teva3d.com\/#website"},"datePublished":"2021-07-26T14:19:26+00:00","dateModified":"2025-01-20T14:14:49+00:00","description":"Abonnement id\u00e9al pour la plupart des entreprises. Le forfait peut \u00eatre surclass\u00e9 en tout temps, les projets vus sans limite.","breadcrumb":{"@id":"https:\/\/teva3d.com\/fr\/produit\/standard\/#breadcrumb"},"inLanguage":"fr-FR","potentialAction":[{"@type":"ReadAction","target":["https:\/\/teva3d.com\/fr\/produit\/standard\/"]}]},{"@type":"BreadcrumbList","@id":"https:\/\/teva3d.com\/fr\/produit\/standard\/#breadcrumb","itemListElement":[{"@type":"ListItem","position":1,"name":"Home","item":"https:\/\/teva3d.com\/fr\/"},{"@type":"ListItem","position":2,"name":"Standard"}]},{"@type":"WebSite","@id":"https:\/\/teva3d.com\/#website","url":"https:\/\/teva3d.com\/","name":"TEVA","description":"Validation technique 3D pour agenceurs, cuisinistes et menuisiers","publisher":{"@id":"https:\/\/teva3d.com\/#organization"},"potentialAction":[{"@type":"SearchAction","target":{"@type":"EntryPoint","urlTemplate":"https:\/\/teva3d.com\/?s={search_term_string}"},"query-input":"required name=search_term_string"}],"inLanguage":"fr-FR"},{"@type":"Organization","@id":"https:\/\/teva3d.com\/#organization","name":"TEVA 3D","url":"https:\/\/teva3d.com\/","logo":{"@type":"ImageObject","inLanguage":"fr-FR","@id":"https:\/\/teva3d.com\/#\/schema\/logo\/image\/","url":"https:\/\/teva3d.com\/wp-content\/uploads\/2021\/07\/cropped-logoTevaFavIcon.png","contentUrl":"https:\/\/teva3d.com\/wp-content\/uploads\/2021\/07\/cropped-logoTevaFavIcon.png","width":512,"height":512,"caption":"TEVA 3D"},"image":{"@id":"https:\/\/teva3d.com\/#\/schema\/logo\/image\/"},"sameAs":["https:\/\/www.facebook.com\/teva3d","https:\/\/www.instagram.com\/teva3d\/","https:\/\/www.linkedin.com\/company\/teva-3d\/","https:\/\/www.youtube.com\/channel\/UCf6F4rs57AHvXarqzcAqHxg"]}]}},"_links":{"self":[{"href":"https:\/\/teva3d.com\/fr\/wp-json\/wp\/v2\/product\/1952"}],"collection":[{"href":"https:\/\/teva3d.com\/fr\/wp-json\/wp\/v2\/product"}],"about":[{"href":"https:\/\/teva3d.com\/fr\/wp-json\/wp\/v2\/types\/product"}],"wp:featuredmedia":[{"embeddable":true,"href":"https:\/\/teva3d.com\/fr\/wp-json\/wp\/v2\/media\/7027"}],"wp:attachment":[{"href":"https:\/\/teva3d.com\/fr\/wp-json\/wp\/v2\/media?parent=1952"}],"wp:term":[{"taxonomy":"product_cat","embeddable":true,"href":"https:\/\/teva3d.com\/fr\/wp-json\/wp\/v2\/product_cat?post=1952"},{"taxonomy":"product_tag","embeddable":true,"href":"https:\/\/teva3d.com\/fr\/wp-json\/wp\/v2\/product_tag?post=1952"}],"curies":[{"name":"wp","href":"https:\/\/api.w.org\/{rel}","templated":true}]}}