{"id":8449,"date":"2021-11-24T13:57:47","date_gmt":"2021-11-24T18:57:47","guid":{"rendered":"https:\/\/teva3d.com\/?page_id=8449"},"modified":"2023-03-03T13:45:17","modified_gmt":"2023-03-03T18:45:17","slug":"boutique","status":"publish","type":"page","link":"https:\/\/teva3d.com\/fr\/boutique\/","title":{"rendered":"Boutique"},"content":{"rendered":"\t\t<div data-elementor-type=\"wp-page\" data-elementor-id=\"8449\" class=\"elementor elementor-8449 elementor-8437\">\n\t\t\t\t\t\t\t\t\t<section class=\"elementor-section elementor-top-section elementor-element elementor-element-adfba8c elementor-section-boxed elementor-section-height-default elementor-section-height-default\" data-id=\"adfba8c\" data-element_type=\"section\">\n\t\t\t\t\t\t<div class=\"elementor-container elementor-column-gap-default\">\n\t\t\t\t\t<div class=\"elementor-column elementor-col-100 elementor-top-column elementor-element elementor-element-c783d9d\" data-id=\"c783d9d\" data-element_type=\"column\">\n\t\t\t<div class=\"elementor-widget-wrap elementor-element-populated\">\n\t\t\t\t\t\t\t\t<div class=\"elementor-element elementor-element-30334b1 elementor-widget elementor-widget-heading\" data-id=\"30334b1\" data-element_type=\"widget\" data-widget_type=\"heading.default\">\n\t\t\t\t<div class=\"elementor-widget-container\">\n\t\t\t<style>\/*! elementor - v3.13.2 - 11-05-2023 *\/\n.elementor-heading-title{padding:0;margin:0;line-height:1}.elementor-widget-heading .elementor-heading-title[class*=elementor-size-]>a{color:inherit;font-size:inherit;line-height:inherit}.elementor-widget-heading .elementor-heading-title.elementor-size-small{font-size:15px}.elementor-widget-heading .elementor-heading-title.elementor-size-medium{font-size:19px}.elementor-widget-heading .elementor-heading-title.elementor-size-large{font-size:29px}.elementor-widget-heading .elementor-heading-title.elementor-size-xl{font-size:39px}.elementor-widget-heading .elementor-heading-title.elementor-size-xxl{font-size:59px}<\/style><h1 class=\"elementor-heading-title elementor-size-default\">Boutique<\/h1>\t\t<\/div>\n\t\t\t\t<\/div>\n\t\t\t\t<div class=\"elementor-element elementor-element-635ce6e elementor-widget elementor-widget-text-editor\" data-id=\"635ce6e\" data-element_type=\"widget\" data-widget_type=\"text-editor.default\">\n\t\t\t\t<div class=\"elementor-widget-container\">\n\t\t\t<style>\/*! elementor - v3.13.2 - 11-05-2023 *\/\n.elementor-widget-text-editor.elementor-drop-cap-view-stacked .elementor-drop-cap{background-color:#69727d;color:#fff}.elementor-widget-text-editor.elementor-drop-cap-view-framed .elementor-drop-cap{color:#69727d;border:3px solid;background-color:transparent}.elementor-widget-text-editor:not(.elementor-drop-cap-view-default) .elementor-drop-cap{margin-top:8px}.elementor-widget-text-editor:not(.elementor-drop-cap-view-default) .elementor-drop-cap-letter{width:1em;height:1em}.elementor-widget-text-editor .elementor-drop-cap{float:left;text-align:center;line-height:1;font-size:50px}.elementor-widget-text-editor .elementor-drop-cap-letter{display:inline-block}<\/style>\t\t\t\t<p>Les forfaits propos\u00e9s sont bas\u00e9s sur le nombre de projets cr\u00e9\u00e9s sur TEVA. Les projets demeuront accessibles pour une p\u00e9riode de 6 mois sur la plateforme, apr\u00e8s cette p\u00e9riode vous aurez \u00e9galement la possibilit\u00e9 de renouveler. Peu importe le forfait s\u00e9lectionn\u00e9 vous pourrez mettre \u00e0 jour votre projet jusqu\u2019\u00e0 5 fois, apr\u00e8s quoi il sera comptabilis\u00e9 comme un nouveau projet.<\/p>\t\t\t\t\t\t<\/div>\n\t\t\t\t<\/div>\n\t\t\t\t<div class=\"elementor-element elementor-element-507319a elementor-widget elementor-widget-heading\" data-id=\"507319a\" data-element_type=\"widget\" data-widget_type=\"heading.default\">\n\t\t\t\t<div class=\"elementor-widget-container\">\n\t\t\t<h2 class=\"elementor-heading-title elementor-size-default\">Abonnements<\/h2>\t\t<\/div>\n\t\t\t\t<\/div>\n\t\t\t\t\t<\/div>\n\t\t<\/div>\n\t\t\t\t\t\t\t<\/div>\n\t\t<\/section>\n\t\t\t\t<section class=\"elementor-section elementor-top-section elementor-element elementor-element-2fdb458 elementor-section-boxed elementor-section-height-default elementor-section-height-default\" data-id=\"2fdb458\" data-element_type=\"section\">\n\t\t\t\t\t\t<div class=\"elementor-container elementor-column-gap-default\">\n\t\t\t\t\t<div class=\"elementor-column elementor-col-100 elementor-top-column elementor-element elementor-element-758a251\" data-id=\"758a251\" data-element_type=\"column\">\n\t\t\t<div class=\"elementor-widget-wrap elementor-element-populated\">\n\t\t\t\t\t\t\t\t<div class=\"elementor-element elementor-element-2be8161 elementor-widget elementor-widget-heading\" data-id=\"2be8161\" data-element_type=\"widget\" data-widget_type=\"heading.default\">\n\t\t\t\t<div class=\"elementor-widget-container\">\n\t\t\t<h2 class=\"elementor-heading-title elementor-size-default\">Sur-Demande<\/h2>\t\t<\/div>\n\t\t\t\t<\/div>\n\t\t\t\t\t<\/div>\n\t\t<\/div>\n\t\t\t\t\t\t\t<\/div>\n\t\t<\/section>\n\t\t\t\t<section class=\"elementor-section elementor-top-section elementor-element elementor-element-9e493d2 elementor-section-boxed elementor-section-height-default elementor-section-height-default\" data-id=\"9e493d2\" data-element_type=\"section\">\n\t\t\t\t\t\t<div class=\"elementor-container elementor-column-gap-default\">\n\t\t\t\t\t<div class=\"elementor-column elementor-col-100 elementor-top-column elementor-element elementor-element-22c2979\" data-id=\"22c2979\" data-element_type=\"column\">\n\t\t\t<div class=\"elementor-widget-wrap elementor-element-populated\">\n\t\t\t\t\t\t\t\t<div class=\"elementor-element elementor-element-5aceedc elementor-widget elementor-widget-heading\" data-id=\"5aceedc\" data-element_type=\"widget\" data-widget_type=\"heading.default\">\n\t\t\t\t<div class=\"elementor-widget-container\">\n\t\t\t<h2 class=\"elementor-heading-title elementor-size-default\">Ajout<\/h2>\t\t<\/div>\n\t\t\t\t<\/div>\n\t\t\t\t\t<\/div>\n\t\t<\/div>\n\t\t\t\t\t\t\t<\/div>\n\t\t<\/section>\n\t\t\t\t\t\t\t<\/div>\n\t\t","protected":false},"excerpt":{"rendered":"<p>Boutique Les forfaits propos\u00e9s sont bas\u00e9s sur le nombre de projets cr\u00e9\u00e9s sur TEVA. Les projets demeuront accessibles pour une p\u00e9riode de 6 mois sur la plateforme, apr\u00e8s cette p\u00e9riode vous aurez \u00e9galement la possibilit\u00e9 de renouveler. Peu importe le forfait s\u00e9lectionn\u00e9 vous pourrez mettre \u00e0 jour votre projet jusqu\u2019\u00e0 5 fois, apr\u00e8s quoi il &hellip;<\/p>\n<p class=\"read-more\"> <a class=\"\" href=\"https:\/\/teva3d.com\/fr\/boutique\/\"> <span class=\"screen-reader-text\">Boutique<\/span> Lire la suite\u00a0\u00bb<\/a><\/p>\n","protected":false},"author":1,"featured_media":0,"parent":0,"menu_order":0,"comment_status":"closed","ping_status":"closed","template":"elementor_theme","meta":[],"acf":[],"yoast_head":"<!-- This site is optimized with the Yoast SEO plugin v20.4 - https:\/\/yoast.com\/wordpress\/plugins\/seo\/ -->\n<title>Boutique - TEVA 3D<\/title>\n<meta name=\"description\" content=\"Les forfaits TEVA d\u00e9pendent du nombre de projets cr\u00e9\u00e9s et sont renouvelables apr\u00e8s 6 mois. Chaque projet peut \u00eatre mis \u00e0 jour jusqu&#039;\u00e0 5 fois avant d&#039;\u00eatre consid\u00e9r\u00e9 comme nouveau, quel que soit le forfait s\u00e9lectionn\u00e9.\" \/>\n<meta name=\"robots\" content=\"index, follow, max-snippet:-1, max-image-preview:large, max-video-preview:-1\" \/>\n<link rel=\"canonical\" href=\"https:\/\/teva3d.com\/fr\/boutique\/\" \/>\n<meta property=\"og:locale\" content=\"fr_FR\" \/>\n<meta property=\"og:type\" content=\"article\" \/>\n<meta property=\"og:title\" content=\"Boutique - TEVA 3D\" \/>\n<meta property=\"og:description\" content=\"Les forfaits TEVA d\u00e9pendent du nombre de projets cr\u00e9\u00e9s et sont renouvelables apr\u00e8s 6 mois. Chaque projet peut \u00eatre mis \u00e0 jour jusqu&#039;\u00e0 5 fois avant d&#039;\u00eatre consid\u00e9r\u00e9 comme nouveau, quel que soit le forfait s\u00e9lectionn\u00e9.\" \/>\n<meta property=\"og:url\" content=\"https:\/\/teva3d.com\/fr\/boutique\/\" \/>\n<meta property=\"og:site_name\" content=\"TEVA 3D\" \/>\n<meta property=\"article:publisher\" content=\"https:\/\/www.facebook.com\/teva3d\" \/>\n<meta property=\"article:modified_time\" content=\"2023-03-03T18:45:17+00:00\" \/>\n<meta name=\"twitter:card\" content=\"summary_large_image\" \/>\n<meta name=\"twitter:label1\" content=\"Dur\u00e9e de lecture estim\u00e9e\" \/>\n\t<meta name=\"twitter:data1\" content=\"3 minutes\" \/>\n<script type=\"application\/ld+json\" class=\"yoast-schema-graph\">{\"@context\":\"https:\/\/schema.org\",\"@graph\":[{\"@type\":\"WebPage\",\"@id\":\"https:\/\/teva3d.com\/fr\/boutique\/\",\"url\":\"https:\/\/teva3d.com\/fr\/boutique\/\",\"name\":\"Boutique - TEVA 3D\",\"isPartOf\":{\"@id\":\"https:\/\/teva3d.com\/#website\"},\"datePublished\":\"2021-11-24T18:57:47+00:00\",\"dateModified\":\"2023-03-03T18:45:17+00:00\",\"description\":\"Les forfaits TEVA d\u00e9pendent du nombre de projets cr\u00e9\u00e9s et sont renouvelables apr\u00e8s 6 mois. Chaque projet peut \u00eatre mis \u00e0 jour jusqu'\u00e0 5 fois avant d'\u00eatre consid\u00e9r\u00e9 comme nouveau, quel que soit le forfait s\u00e9lectionn\u00e9.\",\"breadcrumb\":{\"@id\":\"https:\/\/teva3d.com\/fr\/boutique\/#breadcrumb\"},\"inLanguage\":\"fr-FR\",\"potentialAction\":[{\"@type\":\"ReadAction\",\"target\":[\"https:\/\/teva3d.com\/fr\/boutique\/\"]}]},{\"@type\":\"BreadcrumbList\",\"@id\":\"https:\/\/teva3d.com\/fr\/boutique\/#breadcrumb\",\"itemListElement\":[{\"@type\":\"ListItem\",\"position\":1,\"name\":\"Home\",\"item\":\"https:\/\/teva3d.com\/fr\/\"},{\"@type\":\"ListItem\",\"position\":2,\"name\":\"Boutique\"}]},{\"@type\":\"WebSite\",\"@id\":\"https:\/\/teva3d.com\/#website\",\"url\":\"https:\/\/teva3d.com\/\",\"name\":\"TEVA\",\"description\":\"Validation technique 3D pour agenceurs, cuisinistes et menuisiers\",\"publisher\":{\"@id\":\"https:\/\/teva3d.com\/#organization\"},\"potentialAction\":[{\"@type\":\"SearchAction\",\"target\":{\"@type\":\"EntryPoint\",\"urlTemplate\":\"https:\/\/teva3d.com\/?s={search_term_string}\"},\"query-input\":\"required name=search_term_string\"}],\"inLanguage\":\"fr-FR\"},{\"@type\":\"Organization\",\"@id\":\"https:\/\/teva3d.com\/#organization\",\"name\":\"TEVA 3D\",\"url\":\"https:\/\/teva3d.com\/\",\"logo\":{\"@type\":\"ImageObject\",\"inLanguage\":\"fr-FR\",\"@id\":\"https:\/\/teva3d.com\/#\/schema\/logo\/image\/\",\"url\":\"https:\/\/teva3d.com\/wp-content\/uploads\/2021\/07\/cropped-logoTevaFavIcon.png\",\"contentUrl\":\"https:\/\/teva3d.com\/wp-content\/uploads\/2021\/07\/cropped-logoTevaFavIcon.png\",\"width\":512,\"height\":512,\"caption\":\"TEVA 3D\"},\"image\":{\"@id\":\"https:\/\/teva3d.com\/#\/schema\/logo\/image\/\"},\"sameAs\":[\"https:\/\/www.facebook.com\/teva3d\",\"https:\/\/www.instagram.com\/teva3d\/\",\"https:\/\/www.linkedin.com\/company\/teva-3d\/\",\"https:\/\/www.youtube.com\/channel\/UCf6F4rs57AHvXarqzcAqHxg\"]}]}<\/script>\n<!-- \/ Yoast SEO plugin. -->","yoast_head_json":{"title":"Boutique - TEVA 3D","description":"Les forfaits TEVA d\u00e9pendent du nombre de projets cr\u00e9\u00e9s et sont renouvelables apr\u00e8s 6 mois. Chaque projet peut \u00eatre mis \u00e0 jour jusqu'\u00e0 5 fois avant d'\u00eatre consid\u00e9r\u00e9 comme nouveau, quel que soit le forfait s\u00e9lectionn\u00e9.","robots":{"index":"index","follow":"follow","max-snippet":"max-snippet:-1","max-image-preview":"max-image-preview:large","max-video-preview":"max-video-preview:-1"},"canonical":"https:\/\/teva3d.com\/fr\/boutique\/","og_locale":"fr_FR","og_type":"article","og_title":"Boutique - TEVA 3D","og_description":"Les forfaits TEVA d\u00e9pendent du nombre de projets cr\u00e9\u00e9s et sont renouvelables apr\u00e8s 6 mois. Chaque projet peut \u00eatre mis \u00e0 jour jusqu'\u00e0 5 fois avant d'\u00eatre consid\u00e9r\u00e9 comme nouveau, quel que soit le forfait s\u00e9lectionn\u00e9.","og_url":"https:\/\/teva3d.com\/fr\/boutique\/","og_site_name":"TEVA 3D","article_publisher":"https:\/\/www.facebook.com\/teva3d","article_modified_time":"2023-03-03T18:45:17+00:00","twitter_card":"summary_large_image","twitter_misc":{"Dur\u00e9e de lecture estim\u00e9e":"3 minutes"},"schema":{"@context":"https:\/\/schema.org","@graph":[{"@type":"WebPage","@id":"https:\/\/teva3d.com\/fr\/boutique\/","url":"https:\/\/teva3d.com\/fr\/boutique\/","name":"Boutique - TEVA 3D","isPartOf":{"@id":"https:\/\/teva3d.com\/#website"},"datePublished":"2021-11-24T18:57:47+00:00","dateModified":"2023-03-03T18:45:17+00:00","description":"Les forfaits TEVA d\u00e9pendent du nombre de projets cr\u00e9\u00e9s et sont renouvelables apr\u00e8s 6 mois. Chaque projet peut \u00eatre mis \u00e0 jour jusqu'\u00e0 5 fois avant d'\u00eatre consid\u00e9r\u00e9 comme nouveau, quel que soit le forfait s\u00e9lectionn\u00e9.","breadcrumb":{"@id":"https:\/\/teva3d.com\/fr\/boutique\/#breadcrumb"},"inLanguage":"fr-FR","potentialAction":[{"@type":"ReadAction","target":["https:\/\/teva3d.com\/fr\/boutique\/"]}]},{"@type":"BreadcrumbList","@id":"https:\/\/teva3d.com\/fr\/boutique\/#breadcrumb","itemListElement":[{"@type":"ListItem","position":1,"name":"Home","item":"https:\/\/teva3d.com\/fr\/"},{"@type":"ListItem","position":2,"name":"Boutique"}]},{"@type":"WebSite","@id":"https:\/\/teva3d.com\/#website","url":"https:\/\/teva3d.com\/","name":"TEVA","description":"Validation technique 3D pour agenceurs, cuisinistes et menuisiers","publisher":{"@id":"https:\/\/teva3d.com\/#organization"},"potentialAction":[{"@type":"SearchAction","target":{"@type":"EntryPoint","urlTemplate":"https:\/\/teva3d.com\/?s={search_term_string}"},"query-input":"required name=search_term_string"}],"inLanguage":"fr-FR"},{"@type":"Organization","@id":"https:\/\/teva3d.com\/#organization","name":"TEVA 3D","url":"https:\/\/teva3d.com\/","logo":{"@type":"ImageObject","inLanguage":"fr-FR","@id":"https:\/\/teva3d.com\/#\/schema\/logo\/image\/","url":"https:\/\/teva3d.com\/wp-content\/uploads\/2021\/07\/cropped-logoTevaFavIcon.png","contentUrl":"https:\/\/teva3d.com\/wp-content\/uploads\/2021\/07\/cropped-logoTevaFavIcon.png","width":512,"height":512,"caption":"TEVA 3D"},"image":{"@id":"https:\/\/teva3d.com\/#\/schema\/logo\/image\/"},"sameAs":["https:\/\/www.facebook.com\/teva3d","https:\/\/www.instagram.com\/teva3d\/","https:\/\/www.linkedin.com\/company\/teva-3d\/","https:\/\/www.youtube.com\/channel\/UCf6F4rs57AHvXarqzcAqHxg"]}]}},"_links":{"self":[{"href":"https:\/\/teva3d.com\/fr\/wp-json\/wp\/v2\/pages\/8449"}],"collection":[{"href":"https:\/\/teva3d.com\/fr\/wp-json\/wp\/v2\/pages"}],"about":[{"href":"https:\/\/teva3d.com\/fr\/wp-json\/wp\/v2\/types\/page"}],"author":[{"embeddable":true,"href":"https:\/\/teva3d.com\/fr\/wp-json\/wp\/v2\/users\/1"}],"replies":[{"embeddable":true,"href":"https:\/\/teva3d.com\/fr\/wp-json\/wp\/v2\/comments?post=8449"}],"version-history":[{"count":42,"href":"https:\/\/teva3d.com\/fr\/wp-json\/wp\/v2\/pages\/8449\/revisions"}],"predecessor-version":[{"id":10408,"href":"https:\/\/teva3d.com\/fr\/wp-json\/wp\/v2\/pages\/8449\/revisions\/10408"}],"wp:attachment":[{"href":"https:\/\/teva3d.com\/fr\/wp-json\/wp\/v2\/media?parent=8449"}],"curies":[{"name":"wp","href":"https:\/\/api.w.org\/{rel}","templated":true}]}}