{"id":4591,"date":"2021-09-22T00:35:52","date_gmt":"2021-09-22T04:35:52","guid":{"rendered":"https:\/\/teva3d.com\/contact\/"},"modified":"2023-03-24T14:47:58","modified_gmt":"2023-03-24T18:47:58","slug":"contact","status":"publish","type":"page","link":"https:\/\/teva3d.com\/fr\/contact\/","title":{"rendered":"Contactez-nous"},"content":{"rendered":"\t\t<div data-elementor-type=\"wp-page\" data-elementor-id=\"4591\" class=\"elementor elementor-4591 elementor-1558\">\n\t\t\t\t\t\t\t\t\t<section class=\"elementor-section elementor-top-section elementor-element elementor-element-7e0d15c elementor-section-boxed elementor-section-height-default elementor-section-height-default\" data-id=\"7e0d15c\" data-element_type=\"section\" id=\"asdasd\" data-settings=\"{&quot;background_background&quot;:&quot;classic&quot;}\">\n\t\t\t\t\t\t<div class=\"elementor-container elementor-column-gap-custom\">\n\t\t\t\t\t<div class=\"elementor-column elementor-col-100 elementor-top-column elementor-element elementor-element-fca1776\" data-id=\"fca1776\" data-element_type=\"column\">\n\t\t\t<div class=\"elementor-widget-wrap elementor-element-populated\">\n\t\t\t\t\t\t\t\t<div class=\"elementor-element elementor-element-8d22082 elementor-widget elementor-widget-heading\" data-id=\"8d22082\" data-element_type=\"widget\" data-widget_type=\"heading.default\">\n\t\t\t\t<div class=\"elementor-widget-container\">\n\t\t\t<style>\/*! elementor - v3.13.2 - 11-05-2023 *\/\n.elementor-heading-title{padding:0;margin:0;line-height:1}.elementor-widget-heading .elementor-heading-title[class*=elementor-size-]>a{color:inherit;font-size:inherit;line-height:inherit}.elementor-widget-heading .elementor-heading-title.elementor-size-small{font-size:15px}.elementor-widget-heading .elementor-heading-title.elementor-size-medium{font-size:19px}.elementor-widget-heading .elementor-heading-title.elementor-size-large{font-size:29px}.elementor-widget-heading .elementor-heading-title.elementor-size-xl{font-size:39px}.elementor-widget-heading .elementor-heading-title.elementor-size-xxl{font-size:59px}<\/style><p class=\"elementor-heading-title elementor-size-default\">CONTACT<\/p>\t\t<\/div>\n\t\t\t\t<\/div>\n\t\t\t\t<div class=\"elementor-element elementor-element-88d6be1 elementor-widget elementor-widget-heading\" data-id=\"88d6be1\" data-element_type=\"widget\" data-widget_type=\"heading.default\">\n\t\t\t\t<div class=\"elementor-widget-container\">\n\t\t\t<h1 class=\"elementor-heading-title elementor-size-default\">Pour toute demande d'information ou de soutien, vous pouvez rapidement nous joindre aux coordonn\u00e9es suivantes<\/h1>\t\t<\/div>\n\t\t\t\t<\/div>\n\t\t\t\t\t<\/div>\n\t\t<\/div>\n\t\t\t\t\t\t\t<\/div>\n\t\t<\/section>\n\t\t\t\t<section class=\"elementor-section elementor-top-section elementor-element elementor-element-c87b880 elementor-section-boxed elementor-section-height-default elementor-section-height-default\" data-id=\"c87b880\" data-element_type=\"section\" id=\"contactPage\" data-settings=\"{&quot;background_background&quot;:&quot;classic&quot;}\">\n\t\t\t\t\t\t<div class=\"elementor-container elementor-column-gap-custom\">\n\t\t\t\t\t<div class=\"elementor-column elementor-col-100 elementor-top-column elementor-element elementor-element-175a087\" data-id=\"175a087\" data-element_type=\"column\">\n\t\t\t<div class=\"elementor-widget-wrap elementor-element-populated\">\n\t\t\t\t\t\t\t\t<section class=\"elementor-section elementor-inner-section elementor-element elementor-element-b72c2f7 elementor-section-full_width elementor-section-height-default elementor-section-height-default\" data-id=\"b72c2f7\" data-element_type=\"section\" data-settings=\"{&quot;background_background&quot;:&quot;classic&quot;}\">\n\t\t\t\t\t\t<div class=\"elementor-container elementor-column-gap-custom\">\n\t\t\t\t\t<div class=\"elementor-column elementor-col-50 elementor-inner-column elementor-element elementor-element-78f3663\" data-id=\"78f3663\" data-element_type=\"column\">\n\t\t\t<div class=\"elementor-widget-wrap elementor-element-populated\">\n\t\t\t\t\t\t\t\t<div class=\"elementor-element elementor-element-53ba3d8 elementor-widget elementor-widget-heading\" data-id=\"53ba3d8\" data-element_type=\"widget\" data-widget_type=\"heading.default\">\n\t\t\t\t<div class=\"elementor-widget-container\">\n\t\t\t<h2 class=\"elementor-heading-title elementor-size-default\"> <\/h2>\t\t<\/div>\n\t\t\t\t<\/div>\n\t\t\t\t<div class=\"elementor-element elementor-element-ebffd44 elementor-widget elementor-widget-image\" data-id=\"ebffd44\" data-element_type=\"widget\" data-widget_type=\"image.default\">\n\t\t\t\t<div class=\"elementor-widget-container\">\n\t\t\t<style>\/*! elementor - v3.13.2 - 11-05-2023 *\/\n.elementor-widget-image{text-align:center}.elementor-widget-image a{display:inline-block}.elementor-widget-image a img[src$=\".svg\"]{width:48px}.elementor-widget-image img{vertical-align:middle;display:inline-block}<\/style>\t\t\t\t\t\t\t\t\t\t\t\t<img decoding=\"async\" width=\"1000\" height=\"883\" src=\"https:\/\/teva3d.com\/wp-content\/uploads\/2021\/09\/canada-1.png\" class=\"attachment-large size-large wp-image-4116\" alt=\"\" loading=\"lazy\" srcset=\"https:\/\/teva3d.com\/wp-content\/uploads\/2021\/09\/canada-1.png 1000w, https:\/\/teva3d.com\/wp-content\/uploads\/2021\/09\/canada-1-300x265.png 300w, https:\/\/teva3d.com\/wp-content\/uploads\/2021\/09\/canada-1-600x530.png 600w, https:\/\/teva3d.com\/wp-content\/uploads\/2021\/09\/canada-1-768x678.png 768w\" sizes=\"(max-width: 1000px) 100vw, 1000px\" \/>\t\t\t\t\t\t\t\t\t\t\t\t\t\t\t<\/div>\n\t\t\t\t<\/div>\n\t\t\t\t<div class=\"elementor-element elementor-element-46364fc elementor-widget elementor-widget-heading\" data-id=\"46364fc\" data-element_type=\"widget\" data-widget_type=\"heading.default\">\n\t\t\t\t<div class=\"elementor-widget-container\">\n\t\t\t<h2 class=\"elementor-heading-title elementor-size-default\">Canada<\/h2>\t\t<\/div>\n\t\t\t\t<\/div>\n\t\t\t\t<div class=\"elementor-element elementor-element-23b84db resetFont elementor-widget elementor-widget-text-editor\" data-id=\"23b84db\" data-element_type=\"widget\" data-widget_type=\"text-editor.default\">\n\t\t\t\t<div class=\"elementor-widget-container\">\n\t\t\t<style>\/*! elementor - v3.13.2 - 11-05-2023 *\/\n.elementor-widget-text-editor.elementor-drop-cap-view-stacked .elementor-drop-cap{background-color:#69727d;color:#fff}.elementor-widget-text-editor.elementor-drop-cap-view-framed .elementor-drop-cap{color:#69727d;border:3px solid;background-color:transparent}.elementor-widget-text-editor:not(.elementor-drop-cap-view-default) .elementor-drop-cap{margin-top:8px}.elementor-widget-text-editor:not(.elementor-drop-cap-view-default) .elementor-drop-cap-letter{width:1em;height:1em}.elementor-widget-text-editor .elementor-drop-cap{float:left;text-align:center;line-height:1;font-size:50px}.elementor-widget-text-editor .elementor-drop-cap-letter{display:inline-block}<\/style>\t\t\t\t<p>Sans frais: <a href=\"tel:+1-844-977-8382\">+1.844.977.8382<\/a><br \/>\n<a href=\"mailto:info@teva3d.com\">info@teva3d.com<\/a><\/p>\n\t\t\t\t\t\t<\/div>\n\t\t\t\t<\/div>\n\t\t\t\t<div class=\"elementor-element elementor-element-b53f063 elementor-widget elementor-widget-heading\" data-id=\"b53f063\" data-element_type=\"widget\" data-widget_type=\"heading.default\">\n\t\t\t\t<div class=\"elementor-widget-container\">\n\t\t\t<p class=\"elementor-heading-title elementor-size-default\"><a href=\"https:\/\/arcanetech.io\">Arcane Technologies<\/a><\/p>\t\t<\/div>\n\t\t\t\t<\/div>\n\t\t\t\t<div class=\"elementor-element elementor-element-c698f99 elementor-widget elementor-widget-text-editor\" data-id=\"c698f99\" data-element_type=\"widget\" data-widget_type=\"text-editor.default\">\n\t\t\t\t<div class=\"elementor-widget-container\">\n\t\t\t\t\t\t\t<p>1393, avenue Galil\u00e9e<br \/>\nQu\u00e9bec, QC<br \/>\nG1P 4G4<br \/>\nCanada<\/p>\n\t\t\t\t\t\t<\/div>\n\t\t\t\t<\/div>\n\t\t\t\t\t<\/div>\n\t\t<\/div>\n\t\t\t\t<div class=\"elementor-column elementor-col-50 elementor-inner-column elementor-element elementor-element-8a63528\" data-id=\"8a63528\" data-element_type=\"column\">\n\t\t\t<div class=\"elementor-widget-wrap elementor-element-populated\">\n\t\t\t\t\t\t\t\t<div class=\"elementor-element elementor-element-bf25399 elementor-widget elementor-widget-heading\" data-id=\"bf25399\" data-element_type=\"widget\" data-widget_type=\"heading.default\">\n\t\t\t\t<div class=\"elementor-widget-container\">\n\t\t\t<h2 class=\"elementor-heading-title elementor-size-default\"> <\/h2>\t\t<\/div>\n\t\t\t\t<\/div>\n\t\t\t\t<div class=\"elementor-element elementor-element-c380118 elementor-widget elementor-widget-image\" data-id=\"c380118\" data-element_type=\"widget\" data-widget_type=\"image.default\">\n\t\t\t\t<div class=\"elementor-widget-container\">\n\t\t\t\t\t\t\t\t\t\t\t\t\t\t\t<img decoding=\"async\" width=\"1000\" height=\"883\" src=\"https:\/\/teva3d.com\/wp-content\/uploads\/2021\/09\/France-1.png\" class=\"attachment-large size-large wp-image-4118\" alt=\"\" loading=\"lazy\" srcset=\"https:\/\/teva3d.com\/wp-content\/uploads\/2021\/09\/France-1.png 1000w, https:\/\/teva3d.com\/wp-content\/uploads\/2021\/09\/France-1-300x265.png 300w, https:\/\/teva3d.com\/wp-content\/uploads\/2021\/09\/France-1-600x530.png 600w, https:\/\/teva3d.com\/wp-content\/uploads\/2021\/09\/France-1-768x678.png 768w\" sizes=\"(max-width: 1000px) 100vw, 1000px\" \/>\t\t\t\t\t\t\t\t\t\t\t\t\t\t\t<\/div>\n\t\t\t\t<\/div>\n\t\t\t\t<div class=\"elementor-element elementor-element-10b5a26 elementor-widget elementor-widget-heading\" data-id=\"10b5a26\" data-element_type=\"widget\" data-widget_type=\"heading.default\">\n\t\t\t\t<div class=\"elementor-widget-container\">\n\t\t\t<h2 class=\"elementor-heading-title elementor-size-default\">France<\/h2>\t\t<\/div>\n\t\t\t\t<\/div>\n\t\t\t\t<div class=\"elementor-element elementor-element-b820901 resetFont elementor-widget elementor-widget-text-editor\" data-id=\"b820901\" data-element_type=\"widget\" data-widget_type=\"text-editor.default\">\n\t\t\t\t<div class=\"elementor-widget-container\">\n\t\t\t\t\t\t\t<p>Sans frais: <a href=\"tel:+1-844-977-8382\">+1.844.977.8382<\/a><br \/>\n<a href=\"mailto:info@teva3d.com\">info@teva3d.com<\/a><\/p>\n\t\t\t\t\t\t<\/div>\n\t\t\t\t<\/div>\n\t\t\t\t<div class=\"elementor-element elementor-element-01398dc elementor-widget elementor-widget-heading\" data-id=\"01398dc\" data-element_type=\"widget\" data-widget_type=\"heading.default\">\n\t\t\t\t<div class=\"elementor-widget-container\">\n\t\t\t<p class=\"elementor-heading-title elementor-size-default\"><a href=\"https:\/\/fr.cabinetvision.com\/\">CVF - Cabinet Vision France<\/a><\/p>\t\t<\/div>\n\t\t\t\t<\/div>\n\t\t\t\t<div class=\"elementor-element elementor-element-8d88404 elementor-widget elementor-widget-text-editor\" data-id=\"8d88404\" data-element_type=\"widget\" data-widget_type=\"text-editor.default\">\n\t\t\t\t<div class=\"elementor-widget-container\">\n\t\t\t\t\t\t\t<p>17, rue du Coteau<br \/>\n01700<br \/>\nSaint-Maurice-de-Beynost<br \/>\nFrance<\/p>\n\t\t\t\t\t\t<\/div>\n\t\t\t\t<\/div>\n\t\t\t\t\t<\/div>\n\t\t<\/div>\n\t\t\t\t\t\t\t<\/div>\n\t\t<\/section>\n\t\t\t\t\t<\/div>\n\t\t<\/div>\n\t\t\t\t\t\t\t<\/div>\n\t\t<\/section>\n\t\t\t\t<section class=\"elementor-section elementor-top-section elementor-element elementor-element-034a170 elementor-section-boxed elementor-section-height-default elementor-section-height-default\" data-id=\"034a170\" data-element_type=\"section\" data-settings=\"{&quot;background_background&quot;:&quot;classic&quot;}\">\n\t\t\t\t\t\t<div class=\"elementor-container elementor-column-gap-custom\">\n\t\t\t\t\t<div class=\"elementor-column elementor-col-100 elementor-top-column elementor-element elementor-element-1fcd132\" data-id=\"1fcd132\" data-element_type=\"column\">\n\t\t\t<div class=\"elementor-widget-wrap elementor-element-populated\">\n\t\t\t\t\t\t\t\t<div class=\"elementor-element elementor-element-1358665 elementor-widget elementor-widget-heading\" data-id=\"1358665\" data-element_type=\"widget\" data-widget_type=\"heading.default\">\n\t\t\t\t<div class=\"elementor-widget-container\">\n\t\t\t<p class=\"elementor-heading-title elementor-size-default\">FORMULAIRE<\/p>\t\t<\/div>\n\t\t\t\t<\/div>\n\t\t\t\t<div class=\"elementor-element elementor-element-e9940c4 elementor-widget elementor-widget-heading\" data-id=\"e9940c4\" data-element_type=\"widget\" data-widget_type=\"heading.default\">\n\t\t\t\t<div class=\"elementor-widget-container\">\n\t\t\t<h1 class=\"elementor-heading-title elementor-size-default\">Laissez-nous vos coordonn\u00e9es<\/h1>\t\t<\/div>\n\t\t\t\t<\/div>\n\t\t\t\t<div class=\"elementor-element elementor-element-1f55484 elementor-widget elementor-widget-shortcode\" data-id=\"1f55484\" data-element_type=\"widget\" id=\"contactForm\" data-widget_type=\"shortcode.default\">\n\t\t\t\t<div class=\"elementor-widget-container\">\n\t\t\t\t\t<div class=\"elementor-shortcode\">\n<div class=\"wpcf7 no-js\" id=\"wpcf7-f3331-o1\" lang=\"en-US\" dir=\"ltr\">\n<div class=\"screen-reader-response\"><p role=\"status\" aria-live=\"polite\" aria-atomic=\"true\"><\/p> <ul><\/ul><\/div>\n<form action=\"\/fr\/wp-json\/wp\/v2\/pages\/4591#wpcf7-f3331-o1\" method=\"post\" class=\"wpcf7-form init\" aria-label=\"Contact form\" novalidate=\"novalidate\" data-status=\"init\">\n<div style=\"display: none;\">\n<input type=\"hidden\" name=\"_wpcf7\" value=\"3331\" \/>\n<input type=\"hidden\" name=\"_wpcf7_version\" value=\"5.7.6\" \/>\n<input type=\"hidden\" name=\"_wpcf7_locale\" value=\"en_US\" \/>\n<input type=\"hidden\" name=\"_wpcf7_unit_tag\" value=\"wpcf7-f3331-o1\" \/>\n<input type=\"hidden\" name=\"_wpcf7_container_post\" value=\"0\" \/>\n<input type=\"hidden\" name=\"_wpcf7_posted_data_hash\" value=\"\" \/>\n<input type=\"hidden\" name=\"_wpcf7_recaptcha_response\" value=\"\" \/>\n<\/div>\n<input class=\"wpcf7-form-control wpcf7-hidden\" value=\"fr\" type=\"hidden\" name=\"language\" \/>\n<div class=\"inputMargin\">\n\t<p><span class=\"wpcf7-form-control-wrap\" data-name=\"First-name\"><input size=\"40\" class=\"wpcf7-form-control wpcf7-text wpcf7-validates-as-required\" aria-required=\"true\" aria-invalid=\"false\" placeholder=\"Pr\u00e9nom\" value=\"\" type=\"text\" name=\"First-name\" \/><\/span>\n\t<\/p>\n\t<p><span class=\"wpcf7-form-control-wrap\" data-name=\"last-name\"><input size=\"40\" class=\"wpcf7-form-control wpcf7-text wpcf7-validates-as-required\" aria-required=\"true\" aria-invalid=\"false\" placeholder=\"Nom\" value=\"\" type=\"text\" name=\"last-name\" \/><\/span>\n\t<\/p>\n\t<p><span class=\"wpcf7-form-control-wrap\" data-name=\"your-email\"><input size=\"40\" class=\"wpcf7-form-control wpcf7-text wpcf7-email wpcf7-validates-as-required wpcf7-validates-as-email\" aria-required=\"true\" aria-invalid=\"false\" placeholder=\"Adresse courriel professionelle\" value=\"\" type=\"email\" name=\"your-email\" \/><\/span>\n\t<\/p>\n\t<p><span class=\"wpcf7-form-control-wrap\" data-name=\"title\"><input size=\"40\" class=\"wpcf7-form-control wpcf7-text wpcf7-validates-as-required\" aria-required=\"true\" aria-invalid=\"false\" placeholder=\"Titre\" value=\"\" type=\"text\" name=\"title\" \/><\/span>\n\t<\/p>\n\t<p><span class=\"wpcf7-form-control-wrap\" data-name=\"company\"><input size=\"40\" class=\"wpcf7-form-control wpcf7-text wpcf7-validates-as-required\" aria-required=\"true\" aria-invalid=\"false\" placeholder=\"Entreprise\" value=\"\" type=\"text\" name=\"company\" \/><\/span>\n\t<\/p>\n<\/div>\n<p><span class=\"wpcf7-form-control-wrap\" data-name=\"your-message\"><textarea cols=\"40\" rows=\"10\" class=\"wpcf7-form-control wpcf7-textarea\" aria-invalid=\"false\" placeholder=\"Message\" name=\"your-message\"><\/textarea><\/span>\n<\/p>\n<div class=\"contact_btn\">\n\t<p><input class=\"wpcf7-form-control has-spinner wpcf7-submit btn\" type=\"submit\" value=\"Envoyer\" \/>\n\t<\/p>\n<\/div><div class=\"wpcf7-response-output\" aria-hidden=\"true\"><\/div>\n<\/form>\n<\/div>\n<\/div>\n\t\t\t\t<\/div>\n\t\t\t\t<\/div>\n\t\t\t\t\t<\/div>\n\t\t<\/div>\n\t\t\t\t\t\t\t<\/div>\n\t\t<\/section>\n\t\t\t\t<section class=\"elementor-section elementor-top-section elementor-element elementor-element-1fb6d48 elementor-section-full_width elementor-section-height-default elementor-section-height-default\" data-id=\"1fb6d48\" data-element_type=\"section\" id=\"map\">\n\t\t\t\t\t\t<div class=\"elementor-container elementor-column-gap-no\">\n\t\t\t\t\t<div class=\"elementor-column elementor-col-100 elementor-top-column elementor-element elementor-element-5255bf0\" data-id=\"5255bf0\" data-element_type=\"column\">\n\t\t\t<div class=\"elementor-widget-wrap elementor-element-populated\">\n\t\t\t\t\t\t\t\t<div class=\"elementor-element elementor-element-50377e8 elementor-widget elementor-widget-html\" data-id=\"50377e8\" data-element_type=\"widget\" data-widget_type=\"html.default\">\n\t\t\t\t<div class=\"elementor-widget-container\">\n\t\t\t<div id=\"googleMap\"><\/div>\t\t<\/div>\n\t\t\t\t<\/div>\n\t\t\t\t\t<\/div>\n\t\t<\/div>\n\t\t\t\t\t\t\t<\/div>\n\t\t<\/section>\n\t\t\t\t\t\t\t<\/div>\n\t\t","protected":false},"excerpt":{"rendered":"<p>CONTACT Pour toute demande d&#8217;information ou de soutien, vous pouvez rapidement nous joindre aux coordonn\u00e9es suivantes Canada Sans frais: +1.844.977.8382 info@teva3d.com Arcane Technologies 1393, avenue Galil\u00e9e Qu\u00e9bec, QC G1P 4G4 Canada France Sans frais: +1.844.977.8382 info@teva3d.com CVF &#8211; Cabinet Vision France 17, rue du Coteau 01700 Saint-Maurice-de-Beynost France FORMULAIRE Laissez-nous vos coordonn\u00e9es<\/p>\n","protected":false},"author":1,"featured_media":0,"parent":0,"menu_order":0,"comment_status":"closed","ping_status":"closed","template":"","meta":[],"acf":[],"yoast_head":"<!-- This site is optimized with the Yoast SEO plugin v20.4 - https:\/\/yoast.com\/wordpress\/plugins\/seo\/ -->\n<title>Contactez-nous - TEVA 3D<\/title>\n<meta name=\"description\" content=\"Pour toute demande d&#039;information ou de soutien, vous pouvez rapidement nous joindre: clavardage en direct, num\u00e9ro sans frais, courriel.\" \/>\n<meta name=\"robots\" content=\"index, follow, max-snippet:-1, max-image-preview:large, max-video-preview:-1\" \/>\n<link rel=\"canonical\" href=\"https:\/\/teva3d.com\/fr\/contact\/\" \/>\n<meta property=\"og:locale\" content=\"fr_FR\" \/>\n<meta property=\"og:type\" content=\"article\" \/>\n<meta property=\"og:title\" content=\"Contactez-nous - TEVA 3D\" \/>\n<meta property=\"og:description\" content=\"Pour toute demande d&#039;information ou de soutien, vous pouvez rapidement nous joindre: clavardage en direct, num\u00e9ro sans frais, courriel.\" \/>\n<meta property=\"og:url\" content=\"https:\/\/teva3d.com\/fr\/contact\/\" \/>\n<meta property=\"og:site_name\" content=\"TEVA 3D\" \/>\n<meta property=\"article:publisher\" content=\"https:\/\/www.facebook.com\/teva3d\" \/>\n<meta property=\"article:modified_time\" content=\"2023-03-24T18:47:58+00:00\" \/>\n<meta property=\"og:image\" content=\"https:\/\/teva3d.com\/wp-content\/uploads\/2021\/09\/canada-1.png\" \/>\n<meta name=\"twitter:card\" content=\"summary_large_image\" \/>\n<meta name=\"twitter:label1\" content=\"Dur\u00e9e de lecture estim\u00e9e\" \/>\n\t<meta name=\"twitter:data1\" content=\"1 minute\" \/>\n<script type=\"application\/ld+json\" class=\"yoast-schema-graph\">{\"@context\":\"https:\/\/schema.org\",\"@graph\":[{\"@type\":\"WebPage\",\"@id\":\"https:\/\/teva3d.com\/fr\/contact\/\",\"url\":\"https:\/\/teva3d.com\/fr\/contact\/\",\"name\":\"Contactez-nous - TEVA 3D\",\"isPartOf\":{\"@id\":\"https:\/\/teva3d.com\/#website\"},\"datePublished\":\"2021-09-22T04:35:52+00:00\",\"dateModified\":\"2023-03-24T18:47:58+00:00\",\"description\":\"Pour toute demande d'information ou de soutien, vous pouvez rapidement nous joindre: clavardage en direct, num\u00e9ro sans frais, courriel.\",\"breadcrumb\":{\"@id\":\"https:\/\/teva3d.com\/fr\/contact\/#breadcrumb\"},\"inLanguage\":\"fr-FR\",\"potentialAction\":[{\"@type\":\"ReadAction\",\"target\":[\"https:\/\/teva3d.com\/fr\/contact\/\"]}]},{\"@type\":\"BreadcrumbList\",\"@id\":\"https:\/\/teva3d.com\/fr\/contact\/#breadcrumb\",\"itemListElement\":[{\"@type\":\"ListItem\",\"position\":1,\"name\":\"Home\",\"item\":\"https:\/\/teva3d.com\/fr\/\"},{\"@type\":\"ListItem\",\"position\":2,\"name\":\"Contactez-nous\"}]},{\"@type\":\"WebSite\",\"@id\":\"https:\/\/teva3d.com\/#website\",\"url\":\"https:\/\/teva3d.com\/\",\"name\":\"TEVA\",\"description\":\"Validation technique 3D pour agenceurs, cuisinistes et menuisiers\",\"publisher\":{\"@id\":\"https:\/\/teva3d.com\/#organization\"},\"potentialAction\":[{\"@type\":\"SearchAction\",\"target\":{\"@type\":\"EntryPoint\",\"urlTemplate\":\"https:\/\/teva3d.com\/?s={search_term_string}\"},\"query-input\":\"required name=search_term_string\"}],\"inLanguage\":\"fr-FR\"},{\"@type\":\"Organization\",\"@id\":\"https:\/\/teva3d.com\/#organization\",\"name\":\"TEVA 3D\",\"url\":\"https:\/\/teva3d.com\/\",\"logo\":{\"@type\":\"ImageObject\",\"inLanguage\":\"fr-FR\",\"@id\":\"https:\/\/teva3d.com\/#\/schema\/logo\/image\/\",\"url\":\"https:\/\/teva3d.com\/wp-content\/uploads\/2021\/07\/cropped-logoTevaFavIcon.png\",\"contentUrl\":\"https:\/\/teva3d.com\/wp-content\/uploads\/2021\/07\/cropped-logoTevaFavIcon.png\",\"width\":512,\"height\":512,\"caption\":\"TEVA 3D\"},\"image\":{\"@id\":\"https:\/\/teva3d.com\/#\/schema\/logo\/image\/\"},\"sameAs\":[\"https:\/\/www.facebook.com\/teva3d\",\"https:\/\/www.instagram.com\/teva3d\/\",\"https:\/\/www.linkedin.com\/company\/teva-3d\/\",\"https:\/\/www.youtube.com\/channel\/UCf6F4rs57AHvXarqzcAqHxg\"]}]}<\/script>\n<!-- \/ Yoast SEO plugin. -->","yoast_head_json":{"title":"Contactez-nous - TEVA 3D","description":"Pour toute demande d'information ou de soutien, vous pouvez rapidement nous joindre: clavardage en direct, num\u00e9ro sans frais, courriel.","robots":{"index":"index","follow":"follow","max-snippet":"max-snippet:-1","max-image-preview":"max-image-preview:large","max-video-preview":"max-video-preview:-1"},"canonical":"https:\/\/teva3d.com\/fr\/contact\/","og_locale":"fr_FR","og_type":"article","og_title":"Contactez-nous - TEVA 3D","og_description":"Pour toute demande d'information ou de soutien, vous pouvez rapidement nous joindre: clavardage en direct, num\u00e9ro sans frais, courriel.","og_url":"https:\/\/teva3d.com\/fr\/contact\/","og_site_name":"TEVA 3D","article_publisher":"https:\/\/www.facebook.com\/teva3d","article_modified_time":"2023-03-24T18:47:58+00:00","og_image":[{"url":"https:\/\/teva3d.com\/wp-content\/uploads\/2021\/09\/canada-1.png"}],"twitter_card":"summary_large_image","twitter_misc":{"Dur\u00e9e de lecture estim\u00e9e":"1 minute"},"schema":{"@context":"https:\/\/schema.org","@graph":[{"@type":"WebPage","@id":"https:\/\/teva3d.com\/fr\/contact\/","url":"https:\/\/teva3d.com\/fr\/contact\/","name":"Contactez-nous - TEVA 3D","isPartOf":{"@id":"https:\/\/teva3d.com\/#website"},"datePublished":"2021-09-22T04:35:52+00:00","dateModified":"2023-03-24T18:47:58+00:00","description":"Pour toute demande d'information ou de soutien, vous pouvez rapidement nous joindre: clavardage en direct, num\u00e9ro sans frais, courriel.","breadcrumb":{"@id":"https:\/\/teva3d.com\/fr\/contact\/#breadcrumb"},"inLanguage":"fr-FR","potentialAction":[{"@type":"ReadAction","target":["https:\/\/teva3d.com\/fr\/contact\/"]}]},{"@type":"BreadcrumbList","@id":"https:\/\/teva3d.com\/fr\/contact\/#breadcrumb","itemListElement":[{"@type":"ListItem","position":1,"name":"Home","item":"https:\/\/teva3d.com\/fr\/"},{"@type":"ListItem","position":2,"name":"Contactez-nous"}]},{"@type":"WebSite","@id":"https:\/\/teva3d.com\/#website","url":"https:\/\/teva3d.com\/","name":"TEVA","description":"Validation technique 3D pour agenceurs, cuisinistes et menuisiers","publisher":{"@id":"https:\/\/teva3d.com\/#organization"},"potentialAction":[{"@type":"SearchAction","target":{"@type":"EntryPoint","urlTemplate":"https:\/\/teva3d.com\/?s={search_term_string}"},"query-input":"required name=search_term_string"}],"inLanguage":"fr-FR"},{"@type":"Organization","@id":"https:\/\/teva3d.com\/#organization","name":"TEVA 3D","url":"https:\/\/teva3d.com\/","logo":{"@type":"ImageObject","inLanguage":"fr-FR","@id":"https:\/\/teva3d.com\/#\/schema\/logo\/image\/","url":"https:\/\/teva3d.com\/wp-content\/uploads\/2021\/07\/cropped-logoTevaFavIcon.png","contentUrl":"https:\/\/teva3d.com\/wp-content\/uploads\/2021\/07\/cropped-logoTevaFavIcon.png","width":512,"height":512,"caption":"TEVA 3D"},"image":{"@id":"https:\/\/teva3d.com\/#\/schema\/logo\/image\/"},"sameAs":["https:\/\/www.facebook.com\/teva3d","https:\/\/www.instagram.com\/teva3d\/","https:\/\/www.linkedin.com\/company\/teva-3d\/","https:\/\/www.youtube.com\/channel\/UCf6F4rs57AHvXarqzcAqHxg"]}]}},"_links":{"self":[{"href":"https:\/\/teva3d.com\/fr\/wp-json\/wp\/v2\/pages\/4591"}],"collection":[{"href":"https:\/\/teva3d.com\/fr\/wp-json\/wp\/v2\/pages"}],"about":[{"href":"https:\/\/teva3d.com\/fr\/wp-json\/wp\/v2\/types\/page"}],"author":[{"embeddable":true,"href":"https:\/\/teva3d.com\/fr\/wp-json\/wp\/v2\/users\/1"}],"replies":[{"embeddable":true,"href":"https:\/\/teva3d.com\/fr\/wp-json\/wp\/v2\/comments?post=4591"}],"version-history":[{"count":97,"href":"https:\/\/teva3d.com\/fr\/wp-json\/wp\/v2\/pages\/4591\/revisions"}],"predecessor-version":[{"id":10447,"href":"https:\/\/teva3d.com\/fr\/wp-json\/wp\/v2\/pages\/4591\/revisions\/10447"}],"wp:attachment":[{"href":"https:\/\/teva3d.com\/fr\/wp-json\/wp\/v2\/media?parent=4591"}],"curies":[{"name":"wp","href":"https:\/\/api.w.org\/{rel}","templated":true}]}}