{"id":2205,"date":"2021-07-27T20:31:57","date_gmt":"2021-07-27T20:31:57","guid":{"rendered":"https:\/\/teva3d.com\/conditions-dutilisation\/"},"modified":"2023-02-10T12:03:25","modified_gmt":"2023-02-10T17:03:25","slug":"conditions-dutilisation","status":"publish","type":"page","link":"https:\/\/teva3d.com\/fr\/conditions-utilisation\/","title":{"rendered":"Conditions d\u2019utilisation"},"content":{"rendered":"\t\t<div data-elementor-type=\"wp-page\" data-elementor-id=\"2205\" class=\"elementor elementor-2205 elementor-2164\">\n\t\t\t\t\t\t\t\t\t<section class=\"elementor-section elementor-top-section elementor-element elementor-element-4fa6a65 elementor-section-boxed elementor-section-height-default elementor-section-height-default\" data-id=\"4fa6a65\" data-element_type=\"section\">\n\t\t\t\t\t\t<div class=\"elementor-container elementor-column-gap-default\">\n\t\t\t\t\t<div class=\"elementor-column elementor-col-100 elementor-top-column elementor-element elementor-element-648c6ca\" data-id=\"648c6ca\" data-element_type=\"column\">\n\t\t\t<div class=\"elementor-widget-wrap elementor-element-populated\">\n\t\t\t\t\t\t\t\t<div class=\"elementor-element elementor-element-8809f25 elementor-widget elementor-widget-heading\" data-id=\"8809f25\" data-element_type=\"widget\" data-widget_type=\"heading.default\">\n\t\t\t\t<div class=\"elementor-widget-container\">\n\t\t\t<style>\/*! elementor - v3.13.2 - 11-05-2023 *\/\n.elementor-heading-title{padding:0;margin:0;line-height:1}.elementor-widget-heading .elementor-heading-title[class*=elementor-size-]>a{color:inherit;font-size:inherit;line-height:inherit}.elementor-widget-heading .elementor-heading-title.elementor-size-small{font-size:15px}.elementor-widget-heading .elementor-heading-title.elementor-size-medium{font-size:19px}.elementor-widget-heading .elementor-heading-title.elementor-size-large{font-size:29px}.elementor-widget-heading .elementor-heading-title.elementor-size-xl{font-size:39px}.elementor-widget-heading .elementor-heading-title.elementor-size-xxl{font-size:59px}<\/style><h1 class=\"elementor-heading-title elementor-size-default\">Conditions d\u2019utilisation<\/h1>\t\t<\/div>\n\t\t\t\t<\/div>\n\t\t\t\t<div class=\"elementor-element elementor-element-3bc52e2 politics resetlink elementor-widget elementor-widget-text-editor\" data-id=\"3bc52e2\" data-element_type=\"widget\" data-widget_type=\"text-editor.default\">\n\t\t\t\t<div class=\"elementor-widget-container\">\n\t\t\t<style>\/*! elementor - v3.13.2 - 11-05-2023 *\/\n.elementor-widget-text-editor.elementor-drop-cap-view-stacked .elementor-drop-cap{background-color:#69727d;color:#fff}.elementor-widget-text-editor.elementor-drop-cap-view-framed .elementor-drop-cap{color:#69727d;border:3px solid;background-color:transparent}.elementor-widget-text-editor:not(.elementor-drop-cap-view-default) .elementor-drop-cap{margin-top:8px}.elementor-widget-text-editor:not(.elementor-drop-cap-view-default) .elementor-drop-cap-letter{width:1em;height:1em}.elementor-widget-text-editor .elementor-drop-cap{float:left;text-align:center;line-height:1;font-size:50px}.elementor-widget-text-editor .elementor-drop-cap-letter{display:inline-block}<\/style>\t\t\t\t<h2>Non-responsabilit\u00e9<\/h2><p>L\u2019utilisation des renseignements contenus dans ce site (y compris les marques de commerce, les descriptions et les logos) est strictement interdite sans le consentement \u00e9crit de Arcane Technologies inc.<\/p><p>Arcane Technologies inc. ne fait aucune repr\u00e9sentation, qu\u2019elle soit implicite ou non, et n\u2019offre aucune garantie de quelque nature que ce soit, tant au niveau de la valeur commerciale que de la justesse du mat\u00e9riel ou des produits d\u00e9crits dans ce site.<\/p><p>Arcane Technologies inc. se r\u00e9serve le droit de faire des ajouts, d\u2019apporter des modifications, d\u2019am\u00e9liorer, de retirer et\/ou de faire des changements au niveau de sa gamme de produits et\/ou de leurs caract\u00e9ristiques \u00e0 tout moment, et ce, sans pr\u00e9avis.<\/p><p>Malgr\u00e9 tous les efforts qui sont faits pour assurer la pr\u00e9cision des renseignements fournis sur ce site, Arcane Technologies inc. n\u2019offre aucune garantie quant \u00e0 son exactitude et ne peut \u00eatre tenue responsable en cas d\u2019impr\u00e9cisions ou d\u2019omissions.<\/p><h2>Netiquette<\/h2><p>En tant qu\u2019entreprise innovante, la pr\u00e9sence de Arcane Technologies sur les r\u00e9seaux sociaux tels que Facebook, Twitter, YouTube et Instagram est primordiale. Nous utilisons ces plateformes pour partager des nouvelles et des informations \u00e0 propos de notre entreprise, de nos produits et nos services, \u00e0 l\u2019attention de nos clients, nos partenaires, nos employ\u00e9s et quiconque voulant en apprendre davantage sur les activit\u00e9s de Arcane Technologies.<\/p><h2>Contenu<\/h2><p>Internet \u00e9tant une communaut\u00e9, nous souhaitons conserver cette philosophie et nous vous invitons \u00e0 contribuer et \u00e0 \u00e9changer avec nous et les autres personnes sur toutes nos communications. Nous souhaitons entendre ce que vous avez \u00e0 dire ! Nous nous faisons un plaisir de r\u00e9pondre \u00e0 vos questions, \u00e9changer des id\u00e9es et vous donner davantage d\u2019informations sur tous les sujets nous concernant. Cependant, veuillez savoir et comprendre que nous ne faisons aucun commentaire sur des sujets sensibles que nous consid\u00e9rons inappropri\u00e9s, \u00e0 propos de Arcane Technologies et de l\u2019industrie.<\/p><p>Dans cet esprit communautaire, nous pensons qu\u2019il est important de maintenir un environnement bas\u00e9 sur le respect, afin de mieux pouvoir communiquer et approfondir nos connaissances tous ensemble. C\u2019est pourquoi nous avons \u00e9tablis certaines r\u00e8gles afin de mieux g\u00e9rer l\u2019activit\u00e9 de nos pages sur les r\u00e9seaux sociaux. Nous nous r\u00e9servons le droit de supprimer tous vos messages et vos commentaires s\u2019ils ne r\u00e9pondent pas \u00e0 nos conditions.<\/p><p>Nous supprimerons tout commentaire ou message inappropri\u00e9 comprenant :<\/p><ul><li>De la haine, des menaces ou du harc\u00e8lement<\/li><li>Des comportements mena\u00e7ants ou incitants \u00e0 un comportement criminel<\/li><li>Des contenus illicites<\/li><li>Des contenus ind\u00e9cents, obsc\u00e8nes ou sexuellement explicites<\/li><li>Des interventions hors-sujet<\/li><li>Des tentatives de perturber la discussion (comme le fait de troller)<\/li><\/ul><p>Nous savons que certains commentaires hors-sujets peuvent amener d\u2019autres sujets de discussion, mais nous pouvons n\u00e9anmoins les supprimer si ceux-ci interf\u00e8rent avec le sujet actuel du fil de discussion.<\/p><h2>Publication<\/h2><p>D\u00e8s que vous commentez sur un de nos comptes de m\u00e9dias sociaux et\/ou que vous nous identifiez sur un sujet, vous nous donnez le droit d\u2019utiliser et de partager ce contenu avec tout le cr\u00e9dit appropri\u00e9. Il pourra \u00eatre utilis\u00e9 pour toute fin utile et sur tous nos comptes de r\u00e9seaux sociaux de l\u2019entreprise.<\/p><h2>Langage<\/h2><p>\u00c9tant donn\u00e9 que nous sommes situ\u00e9s au Qu\u00e9bec, notre langue officielle est le fran\u00e7ais. Cependant, la langue officielle de Arcane Technologies sur les r\u00e9seaux sociaux est l\u2019anglais. Nous ferons tout notre possible pour r\u00e9pondre aux questions et aux commentaires dans la langue que vous utilisez.<\/p><h2>Opinions<\/h2><p>Chacun a le droit de partager son opinion. Respectez les opinions des autres dans vos discussions et gardez l\u2019esprit ouvert lorsque vous \u00e9changez avec d\u2019autres personnes. Toute opinion exprim\u00e9e sur nos r\u00e9seaux sociaux par des individus, affili\u00e9s ou non \u00e0 Arcane Technologies, ne doit pas \u00eatre consid\u00e9r\u00e9e comme la position de l\u2019entreprise sur un sujet donn\u00e9. Bien que nos employ\u00e9s et nos partenaires sont des ambassadeurs de la vision et de la culture de l\u2019entreprise, chacun a une opinion qui lui est propre. Ces opinions ne refl\u00e8tent pas n\u00e9cessairement la position officielle de Arcane Technologies.<\/p><h2>Affiliations<\/h2><p>Arcane Technologies n\u2019est pas affili\u00e9 avec les entreprises qui g\u00e8rent les plateformes des r\u00e9seaux sociaux que nous utilisons. Vous devez toujours conna\u00eetre et comprendre les conditions g\u00e9n\u00e9rales, ainsi que les politiques de s\u00e9curit\u00e9 et de confidentialit\u00e9, li\u00e9es aux comptes des r\u00e9seaux sociaux que vous cr\u00e9ez en ligne.<\/p><h2>Conditions de service YouTube<\/h2><p>Avec votre consentement Arcane Technologies et par l\u2019interm\u00e9diaire de ses produit peu utiliser l\u2019API YouTube en votre nom.<\/p><p>Pour plus d\u2019information sur les conditions de service de YouTube, visiter:\u00a0<a href=\"https:\/\/developers.google.com\/youtube\/terms\/api-services-terms-of-service\">https:\/\/developers.google.com\/youtube\/terms\/api-services-terms-of-service<\/a><\/p><h2>Ventes et service \u00e0 la client\u00e8le<\/h2><p>La meilleure mani\u00e8re de poser vos questions \u00e0 propos de nos produits et de nos services est de nous contacter via nos repr\u00e9sentants des ventes et du service \u00e0 la client\u00e8le :<\/p><ul><li>Par courriel: <a href=\"mailto:info@teva3d.com\">info@teva3d.com<\/a><\/li><li>En visitant cette page sur notre site web: <a href=\"https:\/\/teva3d.com\/contact\/\">https:\/\/teva3d.com\/contact\/<\/a><\/li><li>Par t\u00e9l\u00e9phone: +<a href=\"tel:1-844-977-4890\">1.844 977.4890<\/a><\/li><\/ul>\t\t\t\t\t\t<\/div>\n\t\t\t\t<\/div>\n\t\t\t\t\t<\/div>\n\t\t<\/div>\n\t\t\t\t\t\t\t<\/div>\n\t\t<\/section>\n\t\t\t\t\t\t\t<\/div>\n\t\t","protected":false},"excerpt":{"rendered":"<p>Conditions d\u2019utilisation Non-responsabilit\u00e9 L\u2019utilisation des renseignements contenus dans ce site (y compris les marques de commerce, les descriptions et les logos) est strictement interdite sans le consentement \u00e9crit de Arcane Technologies inc. Arcane Technologies inc. ne fait aucune repr\u00e9sentation, qu\u2019elle soit implicite ou non, et n\u2019offre aucune garantie de quelque nature que ce soit, tant &hellip;<\/p>\n<p class=\"read-more\"> <a class=\"\" href=\"https:\/\/teva3d.com\/fr\/conditions-utilisation\/\"> <span class=\"screen-reader-text\">Conditions d\u2019utilisation<\/span> Lire la suite\u00a0\u00bb<\/a><\/p>\n","protected":false},"author":1,"featured_media":0,"parent":0,"menu_order":0,"comment_status":"closed","ping_status":"closed","template":"","meta":[],"acf":[],"yoast_head":"<!-- This site is optimized with the Yoast SEO plugin v20.4 - https:\/\/yoast.com\/wordpress\/plugins\/seo\/ -->\n<title>Conditions d\u2019utilisation - TEVA 3D<\/title>\n<meta name=\"description\" content=\"L\u2019utilisation des renseignements contenus dans ce site est strictement interdite sans le consentement \u00e9crit de Arcane Technologies inc.\" \/>\n<meta name=\"robots\" content=\"index, follow, max-snippet:-1, max-image-preview:large, max-video-preview:-1\" \/>\n<link rel=\"canonical\" href=\"https:\/\/teva3d.com\/terms-of-use\/\" \/>\n<meta property=\"og:locale\" content=\"fr_FR\" \/>\n<meta property=\"og:type\" content=\"article\" \/>\n<meta property=\"og:title\" content=\"Conditions d\u2019utilisation - TEVA 3D\" \/>\n<meta property=\"og:description\" content=\"L\u2019utilisation des renseignements contenus dans ce site est strictement interdite sans le consentement \u00e9crit de Arcane Technologies inc.\" \/>\n<meta property=\"og:url\" content=\"https:\/\/teva3d.com\/terms-of-use\/\" \/>\n<meta property=\"og:site_name\" content=\"TEVA 3D\" \/>\n<meta property=\"article:publisher\" content=\"https:\/\/www.facebook.com\/teva3d\" \/>\n<meta property=\"article:modified_time\" content=\"2023-02-10T17:03:25+00:00\" \/>\n<meta name=\"twitter:card\" content=\"summary_large_image\" \/>\n<meta name=\"twitter:label1\" content=\"Dur\u00e9e de lecture estim\u00e9e\" \/>\n\t<meta name=\"twitter:data1\" content=\"5 minutes\" \/>\n<script type=\"application\/ld+json\" class=\"yoast-schema-graph\">{\"@context\":\"https:\/\/schema.org\",\"@graph\":[{\"@type\":\"WebPage\",\"@id\":\"https:\/\/teva3d.com\/terms-of-use\/\",\"url\":\"https:\/\/teva3d.com\/terms-of-use\/\",\"name\":\"Conditions d\u2019utilisation - TEVA 3D\",\"isPartOf\":{\"@id\":\"https:\/\/teva3d.com\/#website\"},\"datePublished\":\"2021-07-27T20:31:57+00:00\",\"dateModified\":\"2023-02-10T17:03:25+00:00\",\"description\":\"L\u2019utilisation des renseignements contenus dans ce site est strictement interdite sans le consentement \u00e9crit de Arcane Technologies inc.\",\"breadcrumb\":{\"@id\":\"https:\/\/teva3d.com\/terms-of-use\/#breadcrumb\"},\"inLanguage\":\"fr-FR\",\"potentialAction\":[{\"@type\":\"ReadAction\",\"target\":[\"https:\/\/teva3d.com\/terms-of-use\/\"]}]},{\"@type\":\"BreadcrumbList\",\"@id\":\"https:\/\/teva3d.com\/terms-of-use\/#breadcrumb\",\"itemListElement\":[{\"@type\":\"ListItem\",\"position\":1,\"name\":\"Home\",\"item\":\"https:\/\/teva3d.com\/fr\/\"},{\"@type\":\"ListItem\",\"position\":2,\"name\":\"Conditions d\u2019utilisation\"}]},{\"@type\":\"WebSite\",\"@id\":\"https:\/\/teva3d.com\/#website\",\"url\":\"https:\/\/teva3d.com\/\",\"name\":\"TEVA\",\"description\":\"Validation technique 3D pour agenceurs, cuisinistes et menuisiers\",\"publisher\":{\"@id\":\"https:\/\/teva3d.com\/#organization\"},\"potentialAction\":[{\"@type\":\"SearchAction\",\"target\":{\"@type\":\"EntryPoint\",\"urlTemplate\":\"https:\/\/teva3d.com\/?s={search_term_string}\"},\"query-input\":\"required name=search_term_string\"}],\"inLanguage\":\"fr-FR\"},{\"@type\":\"Organization\",\"@id\":\"https:\/\/teva3d.com\/#organization\",\"name\":\"TEVA 3D\",\"url\":\"https:\/\/teva3d.com\/\",\"logo\":{\"@type\":\"ImageObject\",\"inLanguage\":\"fr-FR\",\"@id\":\"https:\/\/teva3d.com\/#\/schema\/logo\/image\/\",\"url\":\"https:\/\/teva3d.com\/wp-content\/uploads\/2021\/07\/cropped-logoTevaFavIcon.png\",\"contentUrl\":\"https:\/\/teva3d.com\/wp-content\/uploads\/2021\/07\/cropped-logoTevaFavIcon.png\",\"width\":512,\"height\":512,\"caption\":\"TEVA 3D\"},\"image\":{\"@id\":\"https:\/\/teva3d.com\/#\/schema\/logo\/image\/\"},\"sameAs\":[\"https:\/\/www.facebook.com\/teva3d\",\"https:\/\/www.instagram.com\/teva3d\/\",\"https:\/\/www.linkedin.com\/company\/teva-3d\/\",\"https:\/\/www.youtube.com\/channel\/UCf6F4rs57AHvXarqzcAqHxg\"]}]}<\/script>\n<!-- \/ Yoast SEO plugin. -->","yoast_head_json":{"title":"Conditions d\u2019utilisation - TEVA 3D","description":"L\u2019utilisation des renseignements contenus dans ce site est strictement interdite sans le consentement \u00e9crit de Arcane Technologies inc.","robots":{"index":"index","follow":"follow","max-snippet":"max-snippet:-1","max-image-preview":"max-image-preview:large","max-video-preview":"max-video-preview:-1"},"canonical":"https:\/\/teva3d.com\/terms-of-use\/","og_locale":"fr_FR","og_type":"article","og_title":"Conditions d\u2019utilisation - TEVA 3D","og_description":"L\u2019utilisation des renseignements contenus dans ce site est strictement interdite sans le consentement \u00e9crit de Arcane Technologies inc.","og_url":"https:\/\/teva3d.com\/terms-of-use\/","og_site_name":"TEVA 3D","article_publisher":"https:\/\/www.facebook.com\/teva3d","article_modified_time":"2023-02-10T17:03:25+00:00","twitter_card":"summary_large_image","twitter_misc":{"Dur\u00e9e de lecture estim\u00e9e":"5 minutes"},"schema":{"@context":"https:\/\/schema.org","@graph":[{"@type":"WebPage","@id":"https:\/\/teva3d.com\/terms-of-use\/","url":"https:\/\/teva3d.com\/terms-of-use\/","name":"Conditions d\u2019utilisation - TEVA 3D","isPartOf":{"@id":"https:\/\/teva3d.com\/#website"},"datePublished":"2021-07-27T20:31:57+00:00","dateModified":"2023-02-10T17:03:25+00:00","description":"L\u2019utilisation des renseignements contenus dans ce site est strictement interdite sans le consentement \u00e9crit de Arcane Technologies inc.","breadcrumb":{"@id":"https:\/\/teva3d.com\/terms-of-use\/#breadcrumb"},"inLanguage":"fr-FR","potentialAction":[{"@type":"ReadAction","target":["https:\/\/teva3d.com\/terms-of-use\/"]}]},{"@type":"BreadcrumbList","@id":"https:\/\/teva3d.com\/terms-of-use\/#breadcrumb","itemListElement":[{"@type":"ListItem","position":1,"name":"Home","item":"https:\/\/teva3d.com\/fr\/"},{"@type":"ListItem","position":2,"name":"Conditions d\u2019utilisation"}]},{"@type":"WebSite","@id":"https:\/\/teva3d.com\/#website","url":"https:\/\/teva3d.com\/","name":"TEVA","description":"Validation technique 3D pour agenceurs, cuisinistes et menuisiers","publisher":{"@id":"https:\/\/teva3d.com\/#organization"},"potentialAction":[{"@type":"SearchAction","target":{"@type":"EntryPoint","urlTemplate":"https:\/\/teva3d.com\/?s={search_term_string}"},"query-input":"required name=search_term_string"}],"inLanguage":"fr-FR"},{"@type":"Organization","@id":"https:\/\/teva3d.com\/#organization","name":"TEVA 3D","url":"https:\/\/teva3d.com\/","logo":{"@type":"ImageObject","inLanguage":"fr-FR","@id":"https:\/\/teva3d.com\/#\/schema\/logo\/image\/","url":"https:\/\/teva3d.com\/wp-content\/uploads\/2021\/07\/cropped-logoTevaFavIcon.png","contentUrl":"https:\/\/teva3d.com\/wp-content\/uploads\/2021\/07\/cropped-logoTevaFavIcon.png","width":512,"height":512,"caption":"TEVA 3D"},"image":{"@id":"https:\/\/teva3d.com\/#\/schema\/logo\/image\/"},"sameAs":["https:\/\/www.facebook.com\/teva3d","https:\/\/www.instagram.com\/teva3d\/","https:\/\/www.linkedin.com\/company\/teva-3d\/","https:\/\/www.youtube.com\/channel\/UCf6F4rs57AHvXarqzcAqHxg"]}]}},"_links":{"self":[{"href":"https:\/\/teva3d.com\/fr\/wp-json\/wp\/v2\/pages\/2205"}],"collection":[{"href":"https:\/\/teva3d.com\/fr\/wp-json\/wp\/v2\/pages"}],"about":[{"href":"https:\/\/teva3d.com\/fr\/wp-json\/wp\/v2\/types\/page"}],"author":[{"embeddable":true,"href":"https:\/\/teva3d.com\/fr\/wp-json\/wp\/v2\/users\/1"}],"replies":[{"embeddable":true,"href":"https:\/\/teva3d.com\/fr\/wp-json\/wp\/v2\/comments?post=2205"}],"version-history":[{"count":22,"href":"https:\/\/teva3d.com\/fr\/wp-json\/wp\/v2\/pages\/2205\/revisions"}],"predecessor-version":[{"id":10354,"href":"https:\/\/teva3d.com\/fr\/wp-json\/wp\/v2\/pages\/2205\/revisions\/10354"}],"wp:attachment":[{"href":"https:\/\/teva3d.com\/fr\/wp-json\/wp\/v2\/media?parent=2205"}],"curies":[{"name":"wp","href":"https:\/\/api.w.org\/{rel}","templated":true}]}}